{"id":92033,"date":"2025-06-15T13:25:17","date_gmt":"2025-06-15T11:25:17","guid":{"rendered":"https:\/\/www.multimedium.eu\/?post_type=product&#038;p=92033"},"modified":"2025-07-01T17:15:05","modified_gmt":"2025-07-01T15:15:05","slug":"grosser-antiker-xxl-silber-anhaenger-heiliger-hl-st-georg-drachentoeter-silver-pendant-dragon","status":"publish","type":"product","link":"https:\/\/www.multimedium.eu\/?product=grosser-antiker-xxl-silber-anhaenger-heiliger-hl-st-georg-drachentoeter-silver-pendant-dragon","title":{"rendered":"Gro\u00dfer antiker XXL Silber Anh\u00e4nger Heiliger Hl. St. Georg Drachent\u00f6ter silver pendant dragon"},"content":{"rendered":"<h6>Large antique XXL silver pendant Saint George the Dragon Slayer silver pendant dragon<\/h6>\n<p>Magnificent, rare, large, very decorative Art Nouveau<br \/>\nSaint George amulet pendant in silver, around 1890<br \/>\nwith Saint George, fighting with the dragon<br \/>\nProtection symbol against evil<br \/>\nsolid silver pendant, open worked,<br \/>\nin beautiful design, frame with beautiful ornamentation,<br \/>\nin elaborate filigree work,<br \/>\nwith 4 round coral cabochons<br \/>\nPartly with gold plating,<br \/>\nrare expressive pendant,<br \/>\nstamped on the back, with several silver marks, are not assignable.<\/p>\n<p>Gilding rubbed,<br \/>\notherwise in a good, beautiful condition<\/p>\n<p>Height including hanging eyelet: approx. 8.9 cm<br \/>\nWidth (diameter): approx. 4.58 cm<br \/>\nDepth (thickness): approx. 1.14 cm<\/p>\n","protected":false},"excerpt":{"rendered":"<h6>Gro\u00dfer antiker XXL Silber Anh\u00e4nger Heiliger Hl. St. Georg Drachent\u00f6ter silver pendant dragon<\/h6>\n<p>Prachtvoller, seltener, gro\u00dfer, sehr dekorativer Jugendstil<br \/>\nSankt Georg Amulett-Anh\u00e4nger in Silber, um 1890<br \/>\nmit dem Heiligen Georg, mit dem Drachen k\u00e4mpfend<br \/>\nSchutz-Symbol gegen das B\u00f6se<br \/>\nmassiver Silberanh\u00e4nger, durchbrochen gearbeitet,<br \/>\nin sch\u00f6ner Ausarbeitung, Rahmen mit sch\u00f6ner Ornamentik,<br \/>\nin aufwendiger Filigranarbeit<br \/>\nmit 4 runden Koralle Cabochons<br \/>\nTeilweise mit Vergoldung,<br \/>\nseltener ausdrucksstarker Anh\u00e4nger,<br \/>\nan der R\u00fcckseite gestempelt, mit diversen Silberstempel, sind nicht zuzuordnen.<\/p>\n<p>Vergoldung berieben,<br \/>\nsonst in einem guten sch\u00f6nen Erhaltungszustand<\/p>\n<p>H\u00f6he incl. Aufh\u00e4nger-\u00d6se: ca. 8,9 cm<br \/>\nBreite (Durchmesser): ca. 4,58 cm<br \/>\nTiefe (Dicke): ca. 1,14 cm<\/p>\n","protected":false},"featured_media":90659,"template":"","meta":{"site-sidebar-layout":"default","site-content-layout":"default","ast-site-content-layout":"default","site-content-style":"default","site-sidebar-style":"default","ast-global-header-display":"","ast-banner-title-visibility":"","ast-main-header-display":"","ast-hfb-above-header-display":"","ast-hfb-below-header-display":"","ast-hfb-mobile-header-display":"","site-post-title":"","ast-breadcrumbs-content":"","ast-featured-img":"","footer-sml-layout":"","theme-transparent-header-meta":"default","adv-header-id-meta":"","stick-header-meta":"","header-above-stick-meta":"","header-main-stick-meta":"","header-below-stick-meta":"","astra-migrate-meta-layouts":"set","ast-page-background-enabled":"default","ast-page-background-meta":{"desktop":{"background-color":"","background-image":"","background-repeat":"repeat","background-position":"center center","background-size":"auto","background-attachment":"scroll","background-type":"","background-media":"","overlay-type":"","overlay-color":"","overlay-opacity":"","overlay-gradient":""},"tablet":{"background-color":"","background-image":"","background-repeat":"repeat","background-position":"center center","background-size":"auto","background-attachment":"scroll","background-type":"","background-media":"","overlay-type":"","overlay-color":"","overlay-opacity":"","overlay-gradient":""},"mobile":{"background-color":"","background-image":"","background-repeat":"repeat","background-position":"center center","background-size":"auto","background-attachment":"scroll","background-type":"","background-media":"","overlay-type":"","overlay-color":"","overlay-opacity":"","overlay-gradient":""}},"ast-content-background-meta":{"desktop":{"background-color":"var(--ast-global-color-5)","background-image":"","background-repeat":"repeat","background-position":"center center","background-size":"auto","background-attachment":"scroll","background-type":"","background-media":"","overlay-type":"","overlay-color":"","overlay-opacity":"","overlay-gradient":""},"tablet":{"background-color":"var(--ast-global-color-5)","background-image":"","background-repeat":"repeat","background-position":"center center","background-size":"auto","background-attachment":"scroll","background-type":"","background-media":"","overlay-type":"","overlay-color":"","overlay-opacity":"","overlay-gradient":""},"mobile":{"background-color":"var(--ast-global-color-5)","background-image":"","background-repeat":"repeat","background-position":"center center","background-size":"auto","background-attachment":"scroll","background-type":"","background-media":"","overlay-type":"","overlay-color":"","overlay-opacity":"","overlay-gradient":""}}},"product_brand":[],"product_cat":[4450,3559,3574,4325],"product_tag":[3647,3700,9325,9267,9268,3662,9266,3698,3341,9269,3641,3342,9265,3660,8824],"class_list":{"0":"post-92033","1":"product","2":"type-product","3":"status-publish","4":"has-post-thumbnail","6":"product_cat-anhaenger","7":"product_cat-jugendstil","8":"product_cat-koralle","9":"product_cat-silber","10":"product_tag-anhaenger","11":"product_tag-art-nouveau","12":"product_tag-austro-hungarian","13":"product_tag-drachentoeter","14":"product_tag-dragon-slayer","15":"product_tag-gilt","16":"product_tag-heiliger-georg","17":"product_tag-jugendstil","18":"product_tag-pendant","19":"product_tag-sankt-georg","20":"product_tag-silber","21":"product_tag-silver","22":"product_tag-st-georg","23":"product_tag-vergoldet","24":"product_tag-vermeil","25":"desktop-align-left","26":"tablet-align-left","27":"mobile-align-left","29":"first","30":"instock","31":"sold-individually","32":"shipping-taxable","33":"purchasable","34":"product-type-simple"},"_links":{"self":[{"href":"https:\/\/www.multimedium.eu\/index.php?rest_route=\/wp\/v2\/product\/92033","targetHints":{"allow":["GET"]}}],"collection":[{"href":"https:\/\/www.multimedium.eu\/index.php?rest_route=\/wp\/v2\/product"}],"about":[{"href":"https:\/\/www.multimedium.eu\/index.php?rest_route=\/wp\/v2\/types\/product"}],"version-history":[{"count":1,"href":"https:\/\/www.multimedium.eu\/index.php?rest_route=\/wp\/v2\/product\/92033\/revisions"}],"predecessor-version":[{"id":92034,"href":"https:\/\/www.multimedium.eu\/index.php?rest_route=\/wp\/v2\/product\/92033\/revisions\/92034"}],"wp:featuredmedia":[{"embeddable":true,"href":"https:\/\/www.multimedium.eu\/index.php?rest_route=\/wp\/v2\/media\/90659"}],"wp:attachment":[{"href":"https:\/\/www.multimedium.eu\/index.php?rest_route=%2Fwp%2Fv2%2Fmedia&parent=92033"}],"wp:term":[{"taxonomy":"product_brand","embeddable":true,"href":"https:\/\/www.multimedium.eu\/index.php?rest_route=%2Fwp%2Fv2%2Fproduct_brand&post=92033"},{"taxonomy":"product_cat","embeddable":true,"href":"https:\/\/www.multimedium.eu\/index.php?rest_route=%2Fwp%2Fv2%2Fproduct_cat&post=92033"},{"taxonomy":"product_tag","embeddable":true,"href":"https:\/\/www.multimedium.eu\/index.php?rest_route=%2Fwp%2Fv2%2Fproduct_tag&post=92033"}],"curies":[{"name":"wp","href":"https:\/\/api.w.org\/{rel}","templated":true}]}}