{"id":92053,"date":"2025-06-24T15:11:23","date_gmt":"2025-06-24T13:11:23","guid":{"rendered":"https:\/\/www.multimedium.eu\/?post_type=product&#038;p=92053"},"modified":"2025-06-24T15:20:49","modified_gmt":"2025-06-24T13:20:49","slug":"antike-jugendstil-theodor-fahrner-pforzheim-silber-brosche-amethyst-c1910-sign","status":"publish","type":"product","link":"https:\/\/www.multimedium.eu\/?product=antike-jugendstil-theodor-fahrner-pforzheim-silber-brosche-amethyst-c1910-sign","title":{"rendered":"Antike Jugendstil Theodor Fahrner Pforzheim Silber Brosche Amethyst c1910 sign."},"content":{"rendered":"<h6>Antique Art Nouveau Theodor Fahrner Pforzheim Silver Brooch Amethyst c.1910 signed.<\/h6>\n<p>A delightful, very beautiful antique large silver Art Nouveau brooch,<br \/>\ncirca 1910, by Theodor Fahrner, Pforzheim (attrib.)<br \/>\ncentered with a set, cut oval amethyst,<br \/>\nsurrounded by cord wire soldering,<br \/>\nsurrounded by vine leaves and leaf panicles, with grapes<br \/>\nwhich, in their design, appear to be freshwater pearls<br \/>\nbut are made of silver.<br \/>\nThe brooch is elaborately handcrafted in openwork<br \/>\nwith a sturdy, solid form, quality workmanship.<br \/>\nThe hook clasp was added later<br \/>\nand unfortunately positioned improperly over the hallmark.<br \/>\nI tried as best I could to photograph part of the hallmark<br \/>\nthat is still visible;<br \/>\nthe design is typical of Theodor Fahrner.<br \/>\nIndistinctly stamped: 935 and TF hallmark<\/p>\n<p>In good, beautiful condition, hook replaced<br \/>\n(Replacement included in the price)<\/p>\n<p>Width of brooch: approx. 5.28 cm<br \/>\nHeight of brooch: approx. 4.52 cm<br \/>\nOuter dimensions of stone setting: approx. 1.76 x 1.25 cm<\/p>\n","protected":false},"excerpt":{"rendered":"<h6>Antike Jugendstil Theodor Fahrner Pforzheim Silber Brosche Amethyst c1910 sign.<\/h6>\n<p>Entz\u00fcckende sehr sch\u00f6ne antike gro\u00dfe Silber Jugendstil Brosche,<br \/>\num 1910, von Theodor Fahrner, Pforzheim (attrib.)<br \/>\nmittig mit einem gefassten geschliffenen ovalen Amethyst,<br \/>\numgeben mit Kordeldraht-Bel\u00f6tung,<br \/>\numgeben von Weinlaub-Bl\u00e4ttern und Blattrispen, mit Weintrauben<br \/>\ndie von der Machart wie S\u00fc\u00dfwasser-Perlen erscheinen<br \/>\nist aber aus Silber gefertigt.<br \/>\ndie Brosche ist in aufwendiger Handarbeit durchbrochen gearbeitet<br \/>\nin stabiler massiver Ausformung, Qualit\u00e4tsarbeit<br \/>\nder Hakenverschlu\u00df wurde sp\u00e4ter erg\u00e4nzt<br \/>\nund leider unsachgem\u00e4\u00df \u00fcber die Punze positioniert,<br \/>\nich habe versucht so gut es ging, einen Teil der Punze,<br \/>\ndie noch sichtbar ist, zu fotografieren,<br \/>\ndas Design ist typisch f\u00fcr Theodor Fahrner.<br \/>\nUndeutlich gestempelt: 935 und TF Punze<\/p>\n<p>in einem guten sch\u00f6nen Erhaltungszustand, Haken erg\u00e4nzt<br \/>\n(Erg\u00e4nzung wurde im Preis ber\u00fccksichtigt)<\/p>\n<p>Breite der Brosche: ca. 5,28 cm<br \/>\nH\u00f6he der Brosche: ca. 4,52 cm<br \/>\nAu\u00dfenma\u00dfe der Steinfassung: ca. 1,76 x 1,25 cm<\/p>\n","protected":false},"featured_media":92055,"template":"","meta":{"site-sidebar-layout":"default","site-content-layout":"default","ast-site-content-layout":"default","site-content-style":"default","site-sidebar-style":"default","ast-global-header-display":"","ast-banner-title-visibility":"","ast-main-header-display":"","ast-hfb-above-header-display":"","ast-hfb-below-header-display":"","ast-hfb-mobile-header-display":"","site-post-title":"","ast-breadcrumbs-content":"","ast-featured-img":"","footer-sml-layout":"","theme-transparent-header-meta":"default","adv-header-id-meta":"","stick-header-meta":"","header-above-stick-meta":"","header-main-stick-meta":"","header-below-stick-meta":"","astra-migrate-meta-layouts":"set","ast-page-background-enabled":"default","ast-page-background-meta":{"desktop":{"background-color":"","background-image":"","background-repeat":"repeat","background-position":"center center","background-size":"auto","background-attachment":"scroll","background-type":"","background-media":"","overlay-type":"","overlay-color":"","overlay-opacity":"","overlay-gradient":""},"tablet":{"background-color":"","background-image":"","background-repeat":"repeat","background-position":"center center","background-size":"auto","background-attachment":"scroll","background-type":"","background-media":"","overlay-type":"","overlay-color":"","overlay-opacity":"","overlay-gradient":""},"mobile":{"background-color":"","background-image":"","background-repeat":"repeat","background-position":"center center","background-size":"auto","background-attachment":"scroll","background-type":"","background-media":"","overlay-type":"","overlay-color":"","overlay-opacity":"","overlay-gradient":""}},"ast-content-background-meta":{"desktop":{"background-color":"var(--ast-global-color-5)","background-image":"","background-repeat":"repeat","background-position":"center center","background-size":"auto","background-attachment":"scroll","background-type":"","background-media":"","overlay-type":"","overlay-color":"","overlay-opacity":"","overlay-gradient":""},"tablet":{"background-color":"var(--ast-global-color-5)","background-image":"","background-repeat":"repeat","background-position":"center center","background-size":"auto","background-attachment":"scroll","background-type":"","background-media":"","overlay-type":"","overlay-color":"","overlay-opacity":"","overlay-gradient":""},"mobile":{"background-color":"var(--ast-global-color-5)","background-image":"","background-repeat":"repeat","background-position":"center center","background-size":"auto","background-attachment":"scroll","background-type":"","background-media":"","overlay-type":"","overlay-color":"","overlay-opacity":"","overlay-gradient":""}}},"product_brand":[],"product_cat":[4325,4761,3580,3559,3572,5078,4322,4321],"product_tag":[3700,4223,3643,3636,3698,3717,3718,4222,3704,3703,3882,3641,3342,3648],"class_list":{"0":"post-92053","1":"product","2":"type-product","3":"status-publish","4":"has-post-thumbnail","6":"product_cat-silber","7":"product_cat-amethyst","8":"product_cat-broschen","9":"product_cat-jugendstil","10":"product_cat-juwelen","11":"product_cat-metall-2","12":"product_cat-periode","13":"product_cat-steine","14":"product_tag-art-nouveau","15":"product_tag-blaetter","16":"product_tag-brooch","17":"product_tag-brosche","18":"product_tag-jugendstil","19":"product_tag-lapis-lazuli","20":"product_tag-lapislazuli","21":"product_tag-leaves","22":"product_tag-mother-of-pearl","23":"product_tag-perlmutt","24":"product_tag-pforzheim","25":"product_tag-silber","26":"product_tag-silver","27":"product_tag-theodor-fahrner","28":"desktop-align-left","29":"tablet-align-left","30":"mobile-align-left","32":"first","33":"instock","34":"downloadable","35":"sold-individually","36":"shipping-taxable","37":"purchasable","38":"product-type-simple"},"_links":{"self":[{"href":"https:\/\/www.multimedium.eu\/index.php?rest_route=\/wp\/v2\/product\/92053","targetHints":{"allow":["GET"]}}],"collection":[{"href":"https:\/\/www.multimedium.eu\/index.php?rest_route=\/wp\/v2\/product"}],"about":[{"href":"https:\/\/www.multimedium.eu\/index.php?rest_route=\/wp\/v2\/types\/product"}],"version-history":[{"count":1,"href":"https:\/\/www.multimedium.eu\/index.php?rest_route=\/wp\/v2\/product\/92053\/revisions"}],"predecessor-version":[{"id":92059,"href":"https:\/\/www.multimedium.eu\/index.php?rest_route=\/wp\/v2\/product\/92053\/revisions\/92059"}],"wp:featuredmedia":[{"embeddable":true,"href":"https:\/\/www.multimedium.eu\/index.php?rest_route=\/wp\/v2\/media\/92055"}],"wp:attachment":[{"href":"https:\/\/www.multimedium.eu\/index.php?rest_route=%2Fwp%2Fv2%2Fmedia&parent=92053"}],"wp:term":[{"taxonomy":"product_brand","embeddable":true,"href":"https:\/\/www.multimedium.eu\/index.php?rest_route=%2Fwp%2Fv2%2Fproduct_brand&post=92053"},{"taxonomy":"product_cat","embeddable":true,"href":"https:\/\/www.multimedium.eu\/index.php?rest_route=%2Fwp%2Fv2%2Fproduct_cat&post=92053"},{"taxonomy":"product_tag","embeddable":true,"href":"https:\/\/www.multimedium.eu\/index.php?rest_route=%2Fwp%2Fv2%2Fproduct_tag&post=92053"}],"curies":[{"name":"wp","href":"https:\/\/api.w.org\/{rel}","templated":true}]}}