{"id":92063,"date":"2025-07-01T16:38:25","date_gmt":"2025-07-01T14:38:25","guid":{"rendered":"https:\/\/www.multimedium.eu\/?post_type=product&#038;p=92063"},"modified":"2025-07-01T17:45:36","modified_gmt":"2025-07-01T15:45:36","slug":"antiker-austro-hungarian-historismus-silber-flakon-anhaenger-siebenbuergen-granat-tuerkis-perlschale","status":"publish","type":"product","link":"https:\/\/www.multimedium.eu\/?product=antiker-austro-hungarian-historismus-silber-flakon-anhaenger-siebenbuergen-granat-tuerkis-perlschale","title":{"rendered":"Antiker Austro-Hungarian Historismus Silber Flakon Anh\u00e4nger Siebenb\u00fcrgen Granat T\u00fcrkis Perlschale"},"content":{"rendered":"<h6>Antique historicism silver bottle pendant Transylvania garnet turquoise pearl shell<\/h6>\n<p>Adorable, unusual and rare historicism silver bottle pendant<br \/>\nfrom Transylvania around 1850 to 1870,<br \/>\nDecorated front and back and can be worn from both sides<br \/>\nwith numerous set round turquoises<br \/>\nas well as numerous polished round almandines (garnets),<br \/>\non one side in the middle with a set mother-of-pearl shell<br \/>\nthe gold-plated chain was probably added once,<br \/>\nbut can be exchanged for a longer chain,<br \/>\nThe buyer can decide this himself.<br \/>\nWith screw cap<\/p>\n<p>can also be worn as a traditional costume pendant,<br \/>\nunstamped, tested for silver, (at least 800 silver)<\/p>\n<p>In good condition for its age, gilding rubbed<\/p>\n<p>Total height of the pendant including chain: 5.6 cm<br \/>\nHeight of the bottle without chain including closure: 4.13 cm<br \/>\nBottle width: 2.3 cm<\/p>\n","protected":false},"excerpt":{"rendered":"<h6>Antiker Austro-Hungarian Historismus Silber Flakon Anh\u00e4nger Siebenb\u00fcrgen Granat T\u00fcrkis Perlschale<\/h6>\n<p>Entz\u00fcckender, ausgefallener und seltener Historismus Silber Flakon Anh\u00e4nger<br \/>\naus Siebenb\u00fcrgen um 1850 bis 1870,<br \/>\nVorder- und R\u00fcckseite verziert und von beiden Seiten zu tragen<br \/>\nmit zahlreichen gefassten runden T\u00fcrkisen<br \/>\nsowie zahlreichen geschliffenen runden Almandinen (Granaten),<br \/>\nauf einer Seite in der Mitte mit einer gefassten Perlmutt Perlschale<br \/>\ndas vergoldete Kettchen ist vermutlich einmal erg\u00e4nzt worden,<br \/>\nkann aber ausgetauscht werden gegen eine l\u00e4ngere Kette,<br \/>\ndies kann der K\u00e4ufer selbst entscheiden.<br \/>\nMit Schraubverschlu\u00df<\/p>\n<p>auch als Trachten-Anh\u00e4nger zu tragen,<br \/>\nungestempelt, auf Silber gepr\u00fcft, (mindestens 800er Silber)<\/p>\n<p>altersgem\u00e4\u00df in einem guten Erhaltungszustand, Vergoldung berieben,<\/p>\n<p>Gesamth\u00f6he des Anh\u00e4ngers incl. Kette: 5,6 cm<br \/>\nH\u00f6he des Flakons ohne Kette incl. Verschlu\u00df: 4,13 cm<br \/>\nBreite des Flakons: 2,3 cm<\/p>\n","protected":false},"featured_media":90567,"template":"","meta":{"site-sidebar-layout":"default","site-content-layout":"","ast-site-content-layout":"default","site-content-style":"default","site-sidebar-style":"default","ast-global-header-display":"","ast-banner-title-visibility":"","ast-main-header-display":"","ast-hfb-above-header-display":"","ast-hfb-below-header-display":"","ast-hfb-mobile-header-display":"","site-post-title":"","ast-breadcrumbs-content":"","ast-featured-img":"","footer-sml-layout":"","theme-transparent-header-meta":"default","adv-header-id-meta":"","stick-header-meta":"","header-above-stick-meta":"","header-main-stick-meta":"","header-below-stick-meta":"","astra-migrate-meta-layouts":"set","ast-page-background-enabled":"default","ast-page-background-meta":{"desktop":{"background-color":"","background-image":"","background-repeat":"repeat","background-position":"center center","background-size":"auto","background-attachment":"scroll","background-type":"","background-media":"","overlay-type":"","overlay-color":"","overlay-opacity":"","overlay-gradient":""},"tablet":{"background-color":"","background-image":"","background-repeat":"repeat","background-position":"center center","background-size":"auto","background-attachment":"scroll","background-type":"","background-media":"","overlay-type":"","overlay-color":"","overlay-opacity":"","overlay-gradient":""},"mobile":{"background-color":"","background-image":"","background-repeat":"repeat","background-position":"center center","background-size":"auto","background-attachment":"scroll","background-type":"","background-media":"","overlay-type":"","overlay-color":"","overlay-opacity":"","overlay-gradient":""}},"ast-content-background-meta":{"desktop":{"background-color":"var(--ast-global-color-5)","background-image":"","background-repeat":"repeat","background-position":"center center","background-size":"auto","background-attachment":"scroll","background-type":"","background-media":"","overlay-type":"","overlay-color":"","overlay-opacity":"","overlay-gradient":""},"tablet":{"background-color":"var(--ast-global-color-5)","background-image":"","background-repeat":"repeat","background-position":"center center","background-size":"auto","background-attachment":"scroll","background-type":"","background-media":"","overlay-type":"","overlay-color":"","overlay-opacity":"","overlay-gradient":""},"mobile":{"background-color":"var(--ast-global-color-5)","background-image":"","background-repeat":"repeat","background-position":"center center","background-size":"auto","background-attachment":"scroll","background-type":"","background-media":"","overlay-type":"","overlay-color":"","overlay-opacity":"","overlay-gradient":""}}},"product_brand":[],"product_cat":[4325,3573,4121,4800,4149],"product_tag":[5794,4022,3647,5718,5608,9253,9325,9254,5042,3662,3724,3980,5048,3702,3978,3641,3342,3981,3832,3677,3660,8824],"class_list":{"0":"post-92063","1":"product","2":"type-product","3":"status-publish","4":"has-post-thumbnail","6":"product_cat-silber","7":"product_cat-granat","8":"product_cat-historismus","9":"product_cat-perlmutt","10":"product_cat-tuerkis","11":"product_tag-5794","12":"product_tag-almandin","13":"product_tag-anhaenger","14":"product_tag-antik","15":"product_tag-antique","16":"product_tag-austria-hungaria","17":"product_tag-austro-hungarian","18":"product_tag-c-1870","19":"product_tag-flakon","20":"product_tag-gilt","21":"product_tag-granat","22":"product_tag-historismus","23":"product_tag-oesterreich-ungarn","24":"product_tag-perlschale","25":"product_tag-siebenbuergen","26":"product_tag-silber","27":"product_tag-silver","28":"product_tag-transylvania","29":"product_tag-tuerkis","30":"product_tag-turquoise","31":"product_tag-vergoldet","32":"product_tag-vermeil","33":"desktop-align-left","34":"tablet-align-left","35":"mobile-align-left","37":"first","38":"instock","39":"sold-individually","40":"shipping-taxable","41":"purchasable","42":"product-type-simple"},"_links":{"self":[{"href":"https:\/\/www.multimedium.eu\/index.php?rest_route=\/wp\/v2\/product\/92063","targetHints":{"allow":["GET"]}}],"collection":[{"href":"https:\/\/www.multimedium.eu\/index.php?rest_route=\/wp\/v2\/product"}],"about":[{"href":"https:\/\/www.multimedium.eu\/index.php?rest_route=\/wp\/v2\/types\/product"}],"version-history":[{"count":1,"href":"https:\/\/www.multimedium.eu\/index.php?rest_route=\/wp\/v2\/product\/92063\/revisions"}],"predecessor-version":[{"id":92064,"href":"https:\/\/www.multimedium.eu\/index.php?rest_route=\/wp\/v2\/product\/92063\/revisions\/92064"}],"wp:featuredmedia":[{"embeddable":true,"href":"https:\/\/www.multimedium.eu\/index.php?rest_route=\/wp\/v2\/media\/90567"}],"wp:attachment":[{"href":"https:\/\/www.multimedium.eu\/index.php?rest_route=%2Fwp%2Fv2%2Fmedia&parent=92063"}],"wp:term":[{"taxonomy":"product_brand","embeddable":true,"href":"https:\/\/www.multimedium.eu\/index.php?rest_route=%2Fwp%2Fv2%2Fproduct_brand&post=92063"},{"taxonomy":"product_cat","embeddable":true,"href":"https:\/\/www.multimedium.eu\/index.php?rest_route=%2Fwp%2Fv2%2Fproduct_cat&post=92063"},{"taxonomy":"product_tag","embeddable":true,"href":"https:\/\/www.multimedium.eu\/index.php?rest_route=%2Fwp%2Fv2%2Fproduct_tag&post=92063"}],"curies":[{"name":"wp","href":"https:\/\/api.w.org\/{rel}","templated":true}]}}