{"id":92191,"date":"2025-08-30T14:31:02","date_gmt":"2025-08-30T12:31:02","guid":{"rendered":"https:\/\/www.multimedium.eu\/?post_type=product&#038;p=92191"},"modified":"2025-08-31T16:49:35","modified_gmt":"2025-08-31T14:49:35","slug":"prachtvolle-antike-art-deco-markasiten-silber-brosche-chalzedon","status":"publish","type":"product","link":"https:\/\/www.multimedium.eu\/?product=prachtvolle-antike-art-deco-markasiten-silber-brosche-chalzedon","title":{"rendered":"Prachtvolle antike Art Deco Markasiten Silber Brosche Chalzedon"},"content":{"rendered":"<h6>Magnificent Antique Art Deco Marcasite Silver Brooch with Chalcedony<\/h6>\n<p>Magnificent antique, unusual Art Deco marcasite brooch<br \/>\nfrom the 1926s, octagonal in shape,<\/p>\n<p>can be worn as a brooch or pendant,<br \/>\nwith a dedicated loop and brooch pin,<br \/>\nwith raised decorations, some of which are mill-turned,<br \/>\nwith a beautiful chalcedony and<br \/>\nnumerous set, fine marcasites,<br \/>\nopenwork, a characteristic Art Deco shape from the period<br \/>\nan exceptional piece of jewelry<br \/>\nPin with safety clasp,<br \/>\nstamped on the back: 925<\/p>\n<p>All in good, beautiful condition<\/p>\n<p>Height and width of the brooch: approx. 4.15 cm<\/p>\n","protected":false},"excerpt":{"rendered":"<h6><strong>Prachtvolle antike Art Deco Markasiten Silber Brosche Chalzedon<\/strong><\/h6>\n<p>Prachtvolle antike ausgefallene Art Deco Markasiten Brosche<br \/>\naus den 1926er Jahren, in 8-eckiger Form,<\/p>\n<p>als Brosche und auch als Anh\u00e4nger zu tragen,<br \/>\nmit daf\u00fcr vorgesehener \u00d6se und Broschierung,<br \/>\nmit erhabenen Verzierungen, teilweise in Millgriff,<br \/>\nmit einem sch\u00f6nen Chalzedon und<br \/>\nzahlreichen gefassten feinsten Markasiten,<br \/>\ndurchbrochen gearbeitet, charakteristische Art Deco Form aus der Zeit<br \/>\nein au\u00dfergew\u00f6hnliches Schmuckst\u00fcck<br \/>\nNadel mit Sicherheitsverschlu\u00df,<br \/>\nr\u00fcckseitig gestempelt: 925<\/p>\n<p>alles in einem guten sch\u00f6nen Erhaltungszustand<\/p>\n<p>H\u00f6he und Breite der Brosche: ca. 4,15 cm<\/p>\n","protected":false},"featured_media":92202,"template":"","meta":{"site-sidebar-layout":"default","site-content-layout":"default","ast-site-content-layout":"default","site-content-style":"default","site-sidebar-style":"default","ast-global-header-display":"","ast-banner-title-visibility":"","ast-main-header-display":"","ast-hfb-above-header-display":"","ast-hfb-below-header-display":"","ast-hfb-mobile-header-display":"","site-post-title":"","ast-breadcrumbs-content":"","ast-featured-img":"","footer-sml-layout":"","theme-transparent-header-meta":"default","adv-header-id-meta":"","stick-header-meta":"","header-above-stick-meta":"","header-main-stick-meta":"","header-below-stick-meta":"","astra-migrate-meta-layouts":"set","ast-page-background-enabled":"default","ast-page-background-meta":{"desktop":{"background-color":"","background-image":"","background-repeat":"repeat","background-position":"center center","background-size":"auto","background-attachment":"scroll","background-type":"","background-media":"","overlay-type":"","overlay-color":"","overlay-opacity":"","overlay-gradient":""},"tablet":{"background-color":"","background-image":"","background-repeat":"repeat","background-position":"center center","background-size":"auto","background-attachment":"scroll","background-type":"","background-media":"","overlay-type":"","overlay-color":"","overlay-opacity":"","overlay-gradient":""},"mobile":{"background-color":"","background-image":"","background-repeat":"repeat","background-position":"center center","background-size":"auto","background-attachment":"scroll","background-type":"","background-media":"","overlay-type":"","overlay-color":"","overlay-opacity":"","overlay-gradient":""}},"ast-content-background-meta":{"desktop":{"background-color":"var(--ast-global-color-5)","background-image":"","background-repeat":"repeat","background-position":"center center","background-size":"auto","background-attachment":"scroll","background-type":"","background-media":"","overlay-type":"","overlay-color":"","overlay-opacity":"","overlay-gradient":""},"tablet":{"background-color":"var(--ast-global-color-5)","background-image":"","background-repeat":"repeat","background-position":"center center","background-size":"auto","background-attachment":"scroll","background-type":"","background-media":"","overlay-type":"","overlay-color":"","overlay-opacity":"","overlay-gradient":""},"mobile":{"background-color":"var(--ast-global-color-5)","background-image":"","background-repeat":"repeat","background-position":"center center","background-size":"auto","background-attachment":"scroll","background-type":"","background-media":"","overlay-type":"","overlay-color":"","overlay-opacity":"","overlay-gradient":""}}},"product_brand":[],"product_cat":[4450,3806,3580,5183,3572,4750,5078,4322,4325,4321],"product_tag":[3716,3643,3636,5845,5184,5691,3658,3641,3342],"class_list":{"0":"post-92191","1":"product","2":"type-product","3":"status-publish","4":"has-post-thumbnail","6":"product_cat-anhaenger","7":"product_cat-art-deco","8":"product_cat-broschen","9":"product_cat-chalzedon","10":"product_cat-juwelen","11":"product_cat-markasite","12":"product_cat-metall-2","13":"product_cat-periode","14":"product_cat-silber","15":"product_cat-steine","16":"product_tag-art-deco","17":"product_tag-brooch","18":"product_tag-brosche","19":"product_tag-chalcedony","20":"product_tag-chalzedon","21":"product_tag-marcasite","22":"product_tag-markasiten","23":"product_tag-silber","24":"product_tag-silver","25":"desktop-align-left","26":"tablet-align-left","27":"mobile-align-left","29":"first","30":"instock","31":"sold-individually","32":"shipping-taxable","33":"purchasable","34":"product-type-simple"},"_links":{"self":[{"href":"https:\/\/www.multimedium.eu\/index.php?rest_route=\/wp\/v2\/product\/92191","targetHints":{"allow":["GET"]}}],"collection":[{"href":"https:\/\/www.multimedium.eu\/index.php?rest_route=\/wp\/v2\/product"}],"about":[{"href":"https:\/\/www.multimedium.eu\/index.php?rest_route=\/wp\/v2\/types\/product"}],"version-history":[{"count":1,"href":"https:\/\/www.multimedium.eu\/index.php?rest_route=\/wp\/v2\/product\/92191\/revisions"}],"predecessor-version":[{"id":92198,"href":"https:\/\/www.multimedium.eu\/index.php?rest_route=\/wp\/v2\/product\/92191\/revisions\/92198"}],"wp:featuredmedia":[{"embeddable":true,"href":"https:\/\/www.multimedium.eu\/index.php?rest_route=\/wp\/v2\/media\/92202"}],"wp:attachment":[{"href":"https:\/\/www.multimedium.eu\/index.php?rest_route=%2Fwp%2Fv2%2Fmedia&parent=92191"}],"wp:term":[{"taxonomy":"product_brand","embeddable":true,"href":"https:\/\/www.multimedium.eu\/index.php?rest_route=%2Fwp%2Fv2%2Fproduct_brand&post=92191"},{"taxonomy":"product_cat","embeddable":true,"href":"https:\/\/www.multimedium.eu\/index.php?rest_route=%2Fwp%2Fv2%2Fproduct_cat&post=92191"},{"taxonomy":"product_tag","embeddable":true,"href":"https:\/\/www.multimedium.eu\/index.php?rest_route=%2Fwp%2Fv2%2Fproduct_tag&post=92191"}],"curies":[{"name":"wp","href":"https:\/\/api.w.org\/{rel}","templated":true}]}}