{"id":92216,"date":"2025-09-11T12:00:25","date_gmt":"2025-09-11T10:00:25","guid":{"rendered":"https:\/\/www.multimedium.eu\/?post_type=product&#038;p=92216"},"modified":"2025-09-11T12:25:03","modified_gmt":"2025-09-11T10:25:03","slug":"marianne-hartl-silber-anhaenger-art-deco-stil-gruener-aventurin-schwarzer-spinell","status":"publish","type":"product","link":"https:\/\/www.multimedium.eu\/?product=marianne-hartl-silber-anhaenger-art-deco-stil-gruener-aventurin-schwarzer-spinell","title":{"rendered":"Marianne Hartl Silber Anh\u00e4nger Art Deco Stil gr\u00fcner Aventurin schwarzer Spinell"},"content":{"rendered":"<h6>Marianne Hartl Silver Pendant, Art Deco Style, Green Aventurine and Black Spinel<\/h6>\n<p>Magnificent decorative aventurine silver pendant<br \/>\nDesigned by Marianne Hartl (a well-known folk singer)<br \/>\nCut aventurine with sparkling black spinel stones,<br \/>\nin blackened 925 sterling silver,<br \/>\nPendant with clip for opening, with a fine silky textile cord,<br \/>\nalso suitable for pearl necklaces,<br \/>\nPendant signed,<br \/>\nstamped on the back: 925 and signed by Marianne Hartl<\/p>\n<p>In good, beautiful condition<\/p>\n<p>Height of pendant with loop: 6.9 cm<br \/>\nWidth of pendant: 3.1 cm<br \/>\nLength of silk cord: 46 cm<\/p>\n","protected":false},"excerpt":{"rendered":"<h6>Marianne Hartl Silber Anh\u00e4nger Art Deco Stil gr\u00fcner Aventurin schwarzer Spinell<\/h6>\n<p>Prachtvollesr dekorativer Aventurin Silber Anh\u00e4nger<br \/>\nEntwurf von Marianne Hartl (bekannte S\u00e4ngerin der Volksmusik)<br \/>\ngeschliffener Aventurin mit funkelnden schwarzen Spinell Steinen,<br \/>\nin 925er Sterling Silber geschw\u00e4rzt,<br \/>\nAnh\u00e4nger mit Clip zum \u00d6ffnen, mit feiner seidiger Textilkordel,<br \/>\nauch f\u00fcr Perlenkette geeignet,<br \/>\nAnh\u00e4nger signiert,<br \/>\nr\u00fcckseitig gestempelt : 925 und Signatur von Marianne Hartl<\/p>\n<p>in einem guten sch\u00f6nen Erhaltungszustand<\/p>\n<p>H\u00f6he des Anh\u00e4ngers mit Aufh\u00e4nger-\u00d6se: 6,9 cm<br \/>\nBreite des Anh\u00e4ngers: 3,1 cm<br \/>\nL\u00e4nge der Seidenkordel: 46 cm<\/p>\n","protected":false},"featured_media":92219,"template":"","meta":{"site-sidebar-layout":"default","site-content-layout":"","ast-site-content-layout":"default","site-content-style":"default","site-sidebar-style":"default","ast-global-header-display":"","ast-banner-title-visibility":"","ast-main-header-display":"","ast-hfb-above-header-display":"","ast-hfb-below-header-display":"","ast-hfb-mobile-header-display":"","site-post-title":"","ast-breadcrumbs-content":"","ast-featured-img":"","footer-sml-layout":"","theme-transparent-header-meta":"default","adv-header-id-meta":"","stick-header-meta":"","header-above-stick-meta":"","header-main-stick-meta":"","header-below-stick-meta":"","astra-migrate-meta-layouts":"set","ast-page-background-enabled":"default","ast-page-background-meta":{"desktop":{"background-color":"","background-image":"","background-repeat":"repeat","background-position":"center center","background-size":"auto","background-attachment":"scroll","background-type":"","background-media":"","overlay-type":"","overlay-color":"","overlay-opacity":"","overlay-gradient":""},"tablet":{"background-color":"","background-image":"","background-repeat":"repeat","background-position":"center center","background-size":"auto","background-attachment":"scroll","background-type":"","background-media":"","overlay-type":"","overlay-color":"","overlay-opacity":"","overlay-gradient":""},"mobile":{"background-color":"","background-image":"","background-repeat":"repeat","background-position":"center center","background-size":"auto","background-attachment":"scroll","background-type":"","background-media":"","overlay-type":"","overlay-color":"","overlay-opacity":"","overlay-gradient":""}},"ast-content-background-meta":{"desktop":{"background-color":"var(--ast-global-color-5)","background-image":"","background-repeat":"repeat","background-position":"center center","background-size":"auto","background-attachment":"scroll","background-type":"","background-media":"","overlay-type":"","overlay-color":"","overlay-opacity":"","overlay-gradient":""},"tablet":{"background-color":"var(--ast-global-color-5)","background-image":"","background-repeat":"repeat","background-position":"center center","background-size":"auto","background-attachment":"scroll","background-type":"","background-media":"","overlay-type":"","overlay-color":"","overlay-opacity":"","overlay-gradient":""},"mobile":{"background-color":"var(--ast-global-color-5)","background-image":"","background-repeat":"repeat","background-position":"center center","background-size":"auto","background-attachment":"scroll","background-type":"","background-media":"","overlay-type":"","overlay-color":"","overlay-opacity":"","overlay-gradient":""}}},"product_brand":[],"product_cat":[4450,5681,3561,3572,5078,4322,4325,5370,4321],"product_tag":[3647,5577,3784,9326,5067,3658,3341,3641],"class_list":{"0":"post-92216","1":"product","2":"type-product","3":"status-publish","4":"has-post-thumbnail","6":"product_cat-anhaenger","7":"product_cat-aventurin","8":"product_cat-design-nach-1945","9":"product_cat-juwelen","10":"product_cat-metall-2","11":"product_cat-periode","12":"product_cat-silber","13":"product_cat-spinell","14":"product_cat-steine","15":"product_tag-anhaenger","16":"product_tag-aventurin","17":"product_tag-gruen","18":"product_tag-marianne-hartl","19":"product_tag-markasit","20":"product_tag-markasiten","21":"product_tag-pendant","22":"product_tag-silber","23":"desktop-align-left","24":"tablet-align-left","25":"mobile-align-left","27":"first","28":"instock","29":"shipping-taxable","30":"purchasable","31":"product-type-simple"},"_links":{"self":[{"href":"https:\/\/www.multimedium.eu\/index.php?rest_route=\/wp\/v2\/product\/92216","targetHints":{"allow":["GET"]}}],"collection":[{"href":"https:\/\/www.multimedium.eu\/index.php?rest_route=\/wp\/v2\/product"}],"about":[{"href":"https:\/\/www.multimedium.eu\/index.php?rest_route=\/wp\/v2\/types\/product"}],"version-history":[{"count":2,"href":"https:\/\/www.multimedium.eu\/index.php?rest_route=\/wp\/v2\/product\/92216\/revisions"}],"predecessor-version":[{"id":92224,"href":"https:\/\/www.multimedium.eu\/index.php?rest_route=\/wp\/v2\/product\/92216\/revisions\/92224"}],"wp:featuredmedia":[{"embeddable":true,"href":"https:\/\/www.multimedium.eu\/index.php?rest_route=\/wp\/v2\/media\/92219"}],"wp:attachment":[{"href":"https:\/\/www.multimedium.eu\/index.php?rest_route=%2Fwp%2Fv2%2Fmedia&parent=92216"}],"wp:term":[{"taxonomy":"product_brand","embeddable":true,"href":"https:\/\/www.multimedium.eu\/index.php?rest_route=%2Fwp%2Fv2%2Fproduct_brand&post=92216"},{"taxonomy":"product_cat","embeddable":true,"href":"https:\/\/www.multimedium.eu\/index.php?rest_route=%2Fwp%2Fv2%2Fproduct_cat&post=92216"},{"taxonomy":"product_tag","embeddable":true,"href":"https:\/\/www.multimedium.eu\/index.php?rest_route=%2Fwp%2Fv2%2Fproduct_tag&post=92216"}],"curies":[{"name":"wp","href":"https:\/\/api.w.org\/{rel}","templated":true}]}}