{"id":92231,"date":"2025-09-13T17:09:47","date_gmt":"2025-09-13T15:09:47","guid":{"rendered":"https:\/\/www.multimedium.eu\/?post_type=product&#038;p=92231"},"modified":"2026-05-03T23:26:39","modified_gmt":"2026-05-03T21:26:39","slug":"wilhelm-binder-jugendstil-silber-dose-800-mond-krone-schwaebisch-gmuend","status":"publish","type":"product","link":"https:\/\/www.multimedium.eu\/?product=wilhelm-binder-jugendstil-silber-dose-800-mond-krone-schwaebisch-gmuend","title":{"rendered":"Wilhelm Binder Jugendstil Silber Dose 800 Mond Krone Schw\u00e4bisch Gm\u00fcnd"},"content":{"rendered":"<h6>Wilhelm Binder Art Nouveau Silver Box 800 Moon Crown Schw\u00e4bisch Gm\u00fcnd<\/h6>\n<p>Magnificent decorative Art Nouveau sugar bowl, circa 1890,<br \/>\nby Wilhelm Binder, Schw\u00e4bisch Gm\u00fcnd,<br \/>\n800 silver, hinged lid,<br \/>\nwith a floral Art Nouveau pattern, gilded interior,<br \/>\nstamped: Moon and Crown, 800, WTB (maker Wilhelm Binder), and E.<\/p>\n<p>In good, beautiful condition, cleaned,<\/p>\n<p>Length: 13 cm<br \/>\nDepth: 10.7 cm<br \/>\nHeight: 11.5 cm<br \/>\nWeight: 235.6 g<\/p>\n","protected":false},"excerpt":{"rendered":"<h6>Wilhelm Binder Jugendstil Silber Dose 800 Mond Krone Schw\u00e4bisch Gm\u00fcnd<\/h6>\n<p>Prachtvolle dekorative Jugendstil Zuckerdose um 1890,<br \/>\nvon Wilhelm Binder, Schw\u00e4bisch Gm\u00fcnd,<br \/>\n800er Silber, scharnierter aufklappbarer Deckel,<br \/>\nmit floralem Jugendstil Muster, innen vergoldet,<br \/>\ngestempelt: Mond und Krone, 800, WTB (Hersteller Wilhelm Binder) und E.<\/p>\n<p>In einem guten sch\u00f6nen Erhaltungszustand, gereinigt,<\/p>\n<p>L\u00e4nge : 13 cm<br \/>\nTiefe : 10,7 cm<br \/>\nH\u00f6he: 11,5 cm<br \/>\nGewicht: 235,6 g<\/p>\n","protected":false},"featured_media":92234,"template":"","meta":{"site-sidebar-layout":"default","site-content-layout":"","ast-site-content-layout":"default","site-content-style":"default","site-sidebar-style":"default","ast-global-header-display":"","ast-banner-title-visibility":"","ast-main-header-display":"","ast-hfb-above-header-display":"","ast-hfb-below-header-display":"","ast-hfb-mobile-header-display":"","site-post-title":"","ast-breadcrumbs-content":"","ast-featured-img":"","footer-sml-layout":"","theme-transparent-header-meta":"default","adv-header-id-meta":"","stick-header-meta":"","header-above-stick-meta":"","header-main-stick-meta":"","header-below-stick-meta":"","astra-migrate-meta-layouts":"set","ast-page-background-enabled":"default","ast-page-background-meta":{"desktop":{"background-color":"","background-image":"","background-repeat":"repeat","background-position":"center center","background-size":"auto","background-attachment":"scroll","background-type":"","background-media":"","overlay-type":"","overlay-color":"","overlay-opacity":"","overlay-gradient":""},"tablet":{"background-color":"","background-image":"","background-repeat":"repeat","background-position":"center center","background-size":"auto","background-attachment":"scroll","background-type":"","background-media":"","overlay-type":"","overlay-color":"","overlay-opacity":"","overlay-gradient":""},"mobile":{"background-color":"","background-image":"","background-repeat":"repeat","background-position":"center center","background-size":"auto","background-attachment":"scroll","background-type":"","background-media":"","overlay-type":"","overlay-color":"","overlay-opacity":"","overlay-gradient":""}},"ast-content-background-meta":{"desktop":{"background-color":"var(--ast-global-color-5)","background-image":"","background-repeat":"repeat","background-position":"center center","background-size":"auto","background-attachment":"scroll","background-type":"","background-media":"","overlay-type":"","overlay-color":"","overlay-opacity":"","overlay-gradient":""},"tablet":{"background-color":"var(--ast-global-color-5)","background-image":"","background-repeat":"repeat","background-position":"center center","background-size":"auto","background-attachment":"scroll","background-type":"","background-media":"","overlay-type":"","overlay-color":"","overlay-opacity":"","overlay-gradient":""},"mobile":{"background-color":"var(--ast-global-color-5)","background-image":"","background-repeat":"repeat","background-position":"center center","background-size":"auto","background-attachment":"scroll","background-type":"","background-media":"","overlay-type":"","overlay-color":"","overlay-opacity":"","overlay-gradient":""}}},"product_brand":[],"product_cat":[4324,3559,5078,4322,4325,3620],"product_tag":[],"class_list":{"0":"post-92231","1":"product","2":"type-product","3":"status-publish","4":"has-post-thumbnail","6":"product_cat-kunstobjekte","7":"product_cat-jugendstil","8":"product_cat-metall-2","9":"product_cat-periode","10":"product_cat-silber","11":"product_cat-silber-objekte","12":"desktop-align-left","13":"tablet-align-left","14":"mobile-align-left","16":"first","17":"instock","18":"shipping-taxable","19":"purchasable","20":"product-type-simple"},"_links":{"self":[{"href":"https:\/\/www.multimedium.eu\/index.php?rest_route=\/wp\/v2\/product\/92231","targetHints":{"allow":["GET"]}}],"collection":[{"href":"https:\/\/www.multimedium.eu\/index.php?rest_route=\/wp\/v2\/product"}],"about":[{"href":"https:\/\/www.multimedium.eu\/index.php?rest_route=\/wp\/v2\/types\/product"}],"version-history":[{"count":1,"href":"https:\/\/www.multimedium.eu\/index.php?rest_route=\/wp\/v2\/product\/92231\/revisions"}],"predecessor-version":[{"id":92232,"href":"https:\/\/www.multimedium.eu\/index.php?rest_route=\/wp\/v2\/product\/92231\/revisions\/92232"}],"wp:featuredmedia":[{"embeddable":true,"href":"https:\/\/www.multimedium.eu\/index.php?rest_route=\/wp\/v2\/media\/92234"}],"wp:attachment":[{"href":"https:\/\/www.multimedium.eu\/index.php?rest_route=%2Fwp%2Fv2%2Fmedia&parent=92231"}],"wp:term":[{"taxonomy":"product_brand","embeddable":true,"href":"https:\/\/www.multimedium.eu\/index.php?rest_route=%2Fwp%2Fv2%2Fproduct_brand&post=92231"},{"taxonomy":"product_cat","embeddable":true,"href":"https:\/\/www.multimedium.eu\/index.php?rest_route=%2Fwp%2Fv2%2Fproduct_cat&post=92231"},{"taxonomy":"product_tag","embeddable":true,"href":"https:\/\/www.multimedium.eu\/index.php?rest_route=%2Fwp%2Fv2%2Fproduct_tag&post=92231"}],"curies":[{"name":"wp","href":"https:\/\/api.w.org\/{rel}","templated":true}]}}