{"id":92242,"date":"2025-09-13T17:50:48","date_gmt":"2025-09-13T15:50:48","guid":{"rendered":"https:\/\/www.multimedium.eu\/?post_type=product&#038;p=92242"},"modified":"2025-09-13T18:05:54","modified_gmt":"2025-09-13T16:05:54","slug":"2-stueck-jugendstil-wilhelm-binder-silber-saliere-salzgefaess-mit-glaseinsatz","status":"publish","type":"product","link":"https:\/\/www.multimedium.eu\/?product=2-stueck-jugendstil-wilhelm-binder-silber-saliere-salzgefaess-mit-glaseinsatz","title":{"rendered":"2 St\u00fcck Jugendstil Wilhelm Binder Silber Saliere Salzgef\u00e4\u00df mit Glaseinsatz"},"content":{"rendered":"<h6>Two Art Nouveau Wilhelm Binder Silver Salt Cellars with Glass Inserts<\/h6>\n<p>Two beautiful, decorative Art Nouveau salt cells, circa 1900<br \/>\nby Wilhelm Binder, Schw\u00e4bisch Gm\u00fcnd,<br \/>\neach in 800 silver setting with original glass inserts<br \/>\nbeautifully crafted<br \/>\nstamped: Mond Krone 800 and Wilhelm Binder&#8217;s hallmark<\/p>\n<p>in good, beautiful condition<\/p>\n<p>Length of the salt cells: approx. 6.35 cm and approx. 6.43 cm<br \/>\nWidth of the salt cells: approx. 4 cm and approx. 3.82 cm<br \/>\nHeight of the salt cells: 4.46 cm and approx. 4.3 cm<\/p>\n","protected":false},"excerpt":{"rendered":"<h6>2 St\u00fcck Jugendstil Wilhelm Binder Silber Saliere Salzgef\u00e4\u00df mit Glaseinsatz<\/h6>\n<p>Zwei dekorative sch\u00f6ne Jugendstil Salzgef\u00e4\u00dfe, Salieren um 1900<br \/>\nvon Wilhelm Binder, Schw\u00e4bisch Gm\u00fcnd,<br \/>\njeweils in 800er-Silberfassung mit originalem Glaseinsatz<br \/>\nin einer sch\u00f6nen Verarbeitung<br \/>\ngestempelt: Mond Krone 800 und Firmenpunze von Wilhelm Binder<\/p>\n<p>in einem guten sch\u00f6nen Erhaltungszustand<\/p>\n<p>L\u00e4nge der Salieren: ca. 6,35 cm und ca. 6,43 cm<br \/>\nBreite der Salieren: ca. 4 cm und ca. 3,82 cm<br \/>\nH\u00f6he der Salieren: 4,46 cm und ca. 4,3 cm<\/p>\n","protected":false},"featured_media":92244,"template":"","meta":{"site-sidebar-layout":"default","site-content-layout":"","ast-site-content-layout":"default","site-content-style":"default","site-sidebar-style":"default","ast-global-header-display":"","ast-banner-title-visibility":"","ast-main-header-display":"","ast-hfb-above-header-display":"","ast-hfb-below-header-display":"","ast-hfb-mobile-header-display":"","site-post-title":"","ast-breadcrumbs-content":"","ast-featured-img":"","footer-sml-layout":"","theme-transparent-header-meta":"default","adv-header-id-meta":"","stick-header-meta":"","header-above-stick-meta":"","header-main-stick-meta":"","header-below-stick-meta":"","astra-migrate-meta-layouts":"set","ast-page-background-enabled":"default","ast-page-background-meta":{"desktop":{"background-color":"","background-image":"","background-repeat":"repeat","background-position":"center center","background-size":"auto","background-attachment":"scroll","background-type":"","background-media":"","overlay-type":"","overlay-color":"","overlay-opacity":"","overlay-gradient":""},"tablet":{"background-color":"","background-image":"","background-repeat":"repeat","background-position":"center center","background-size":"auto","background-attachment":"scroll","background-type":"","background-media":"","overlay-type":"","overlay-color":"","overlay-opacity":"","overlay-gradient":""},"mobile":{"background-color":"","background-image":"","background-repeat":"repeat","background-position":"center center","background-size":"auto","background-attachment":"scroll","background-type":"","background-media":"","overlay-type":"","overlay-color":"","overlay-opacity":"","overlay-gradient":""}},"ast-content-background-meta":{"desktop":{"background-color":"var(--ast-global-color-5)","background-image":"","background-repeat":"repeat","background-position":"center center","background-size":"auto","background-attachment":"scroll","background-type":"","background-media":"","overlay-type":"","overlay-color":"","overlay-opacity":"","overlay-gradient":""},"tablet":{"background-color":"var(--ast-global-color-5)","background-image":"","background-repeat":"repeat","background-position":"center center","background-size":"auto","background-attachment":"scroll","background-type":"","background-media":"","overlay-type":"","overlay-color":"","overlay-opacity":"","overlay-gradient":""},"mobile":{"background-color":"var(--ast-global-color-5)","background-image":"","background-repeat":"repeat","background-position":"center center","background-size":"auto","background-attachment":"scroll","background-type":"","background-media":"","overlay-type":"","overlay-color":"","overlay-opacity":"","overlay-gradient":""}}},"product_brand":[],"product_cat":[3620,3559,4324,5078,4322,4325],"product_tag":[4226,3698,9328,4394,4080,3641,9329,9327],"class_list":{"0":"post-92242","1":"product","2":"type-product","3":"status-publish","4":"has-post-thumbnail","6":"product_cat-silber-objekte","7":"product_cat-jugendstil","8":"product_cat-kunstobjekte","9":"product_cat-metall-2","10":"product_cat-periode","11":"product_cat-silber","12":"product_tag-glaseinsatz","13":"product_tag-jugendstil","14":"product_tag-saliere","15":"product_tag-salzgefaess","16":"product_tag-schwaebisch-gmuend","17":"product_tag-silber","18":"product_tag-um-1900","19":"product_tag-wilhelm-binder","20":"desktop-align-left","21":"tablet-align-left","22":"mobile-align-left","24":"first","25":"instock","26":"shipping-taxable","27":"purchasable","28":"product-type-simple"},"_links":{"self":[{"href":"https:\/\/www.multimedium.eu\/index.php?rest_route=\/wp\/v2\/product\/92242","targetHints":{"allow":["GET"]}}],"collection":[{"href":"https:\/\/www.multimedium.eu\/index.php?rest_route=\/wp\/v2\/product"}],"about":[{"href":"https:\/\/www.multimedium.eu\/index.php?rest_route=\/wp\/v2\/types\/product"}],"version-history":[{"count":1,"href":"https:\/\/www.multimedium.eu\/index.php?rest_route=\/wp\/v2\/product\/92242\/revisions"}],"predecessor-version":[{"id":92243,"href":"https:\/\/www.multimedium.eu\/index.php?rest_route=\/wp\/v2\/product\/92242\/revisions\/92243"}],"wp:featuredmedia":[{"embeddable":true,"href":"https:\/\/www.multimedium.eu\/index.php?rest_route=\/wp\/v2\/media\/92244"}],"wp:attachment":[{"href":"https:\/\/www.multimedium.eu\/index.php?rest_route=%2Fwp%2Fv2%2Fmedia&parent=92242"}],"wp:term":[{"taxonomy":"product_brand","embeddable":true,"href":"https:\/\/www.multimedium.eu\/index.php?rest_route=%2Fwp%2Fv2%2Fproduct_brand&post=92242"},{"taxonomy":"product_cat","embeddable":true,"href":"https:\/\/www.multimedium.eu\/index.php?rest_route=%2Fwp%2Fv2%2Fproduct_cat&post=92242"},{"taxonomy":"product_tag","embeddable":true,"href":"https:\/\/www.multimedium.eu\/index.php?rest_route=%2Fwp%2Fv2%2Fproduct_tag&post=92242"}],"curies":[{"name":"wp","href":"https:\/\/api.w.org\/{rel}","templated":true}]}}