{"id":92749,"date":"2026-01-24T10:37:41","date_gmt":"2026-01-24T09:37:41","guid":{"rendered":"https:\/\/www.multimedium.eu\/?post_type=product&#038;p=92749"},"modified":"2026-01-24T10:38:14","modified_gmt":"2026-01-24T09:38:14","slug":"antikes-tombak-granat-collier-halskette-um-1880-tombac-garnet-necklace-5","status":"publish","type":"product","link":"https:\/\/www.multimedium.eu\/?product=antikes-tombak-granat-collier-halskette-um-1880-tombac-garnet-necklace-5","title":{"rendered":"Antikes Tombak Granat Collier Halskette um 1880 tombac garnet necklace"},"content":{"rendered":"<h6>Antique tombac garnet necklace, circa 1880<\/h6>\n<p>Beautiful antique decorative historicist garnet necklace in tombac, circa 1880,<br \/>\nwith beautiful, shiny dark red Bohemian garnets,<\/p>\n<p>in good, beautiful condition.<\/p>\n<p>Necklace length: approx. 48 cm<br \/>\nMax. height of center piece: approx. 4.5 cm<br \/>\nWidth of center piece (all links including pendant): approx. 13.5 cm<\/p>\n","protected":false},"excerpt":{"rendered":"<h6>Antikes Tombak Granat Collier Halskette um 1880 tombac garnet necklace<\/h6>\n<p>Sch\u00f6nes antikes dekoratives Historismus Granat Collier in Tombak, um 1880,<br \/>\nmit sch\u00f6nen dunkelroten gl\u00e4nzenden b\u00f6hmischen Granaten,<\/p>\n<p>in einem guten sch\u00f6nen Erhaltungszustand<\/p>\n<p>L\u00e4nge des Colliers: ca. 48\u00a0 cm<br \/>\nmax. H\u00f6he des Mittelteils:\u00a0 ca. 4,5 cm<br \/>\nBreite des Mittelteils (alle Glieder mit Anh\u00e4nger) :\u00a0 ca. 13,5 cm<\/p>\n","protected":false},"featured_media":92620,"template":"","meta":{"site-sidebar-layout":"default","site-content-layout":"default","ast-site-content-layout":"default","site-content-style":"default","site-sidebar-style":"default","ast-global-header-display":"","ast-banner-title-visibility":"","ast-main-header-display":"","ast-hfb-above-header-display":"","ast-hfb-below-header-display":"","ast-hfb-mobile-header-display":"","site-post-title":"","ast-breadcrumbs-content":"","ast-featured-img":"","footer-sml-layout":"","theme-transparent-header-meta":"default","adv-header-id-meta":"","stick-header-meta":"","header-above-stick-meta":"","header-main-stick-meta":"","header-below-stick-meta":"","astra-migrate-meta-layouts":"set","ast-page-background-enabled":"default","ast-page-background-meta":{"desktop":{"background-color":"","background-image":"","background-repeat":"repeat","background-position":"center center","background-size":"auto","background-attachment":"scroll","background-type":"","background-media":"","overlay-type":"","overlay-color":"","overlay-opacity":"","overlay-gradient":""},"tablet":{"background-color":"","background-image":"","background-repeat":"repeat","background-position":"center center","background-size":"auto","background-attachment":"scroll","background-type":"","background-media":"","overlay-type":"","overlay-color":"","overlay-opacity":"","overlay-gradient":""},"mobile":{"background-color":"","background-image":"","background-repeat":"repeat","background-position":"center center","background-size":"auto","background-attachment":"scroll","background-type":"","background-media":"","overlay-type":"","overlay-color":"","overlay-opacity":"","overlay-gradient":""}},"ast-content-background-meta":{"desktop":{"background-color":"var(--ast-global-color-5)","background-image":"","background-repeat":"repeat","background-position":"center center","background-size":"auto","background-attachment":"scroll","background-type":"","background-media":"","overlay-type":"","overlay-color":"","overlay-opacity":"","overlay-gradient":""},"tablet":{"background-color":"var(--ast-global-color-5)","background-image":"","background-repeat":"repeat","background-position":"center center","background-size":"auto","background-attachment":"scroll","background-type":"","background-media":"","overlay-type":"","overlay-color":"","overlay-opacity":"","overlay-gradient":""},"mobile":{"background-color":"var(--ast-global-color-5)","background-image":"","background-repeat":"repeat","background-position":"center center","background-size":"auto","background-attachment":"scroll","background-type":"","background-media":"","overlay-type":"","overlay-color":"","overlay-opacity":"","overlay-gradient":""}}},"product_brand":[],"product_cat":[3573,4121,3572,3582,5078,4322,4321,5100,5776],"product_tag":[8865,8866,3700,4072,3649,3725,8862,3724,8840,8841,3979,3650,3980,8863,8864,3652,4059,4146,4065],"class_list":{"0":"post-92749","1":"product","2":"type-product","3":"status-publish","4":"has-post-thumbnail","6":"product_cat-granat","7":"product_cat-historismus","8":"product_cat-juwelen","9":"product_cat-ketten-colliers","10":"product_cat-metall-2","11":"product_cat-periode","12":"product_cat-steine","13":"product_cat-tombak","14":"product_cat-victorian","15":"product_tag-antikes-granat-collier","16":"product_tag-antique-garnet-necklace","17":"product_tag-art-nouveau","18":"product_tag-boehmen","19":"product_tag-collier","20":"product_tag-garnet","21":"product_tag-garnet-necklace","22":"product_tag-granat","23":"product_tag-granat-collier","24":"product_tag-granat-halskette","25":"product_tag-gruenderzeit","26":"product_tag-halskette","27":"product_tag-historismus","28":"product_tag-historismus-collier","29":"product_tag-historismus-granat-collier","30":"product_tag-necklace","31":"product_tag-neorenaissance","32":"product_tag-tombac","33":"product_tag-tombak","34":"desktop-align-left","35":"tablet-align-left","36":"mobile-align-left","38":"first","39":"instock","40":"sold-individually","41":"shipping-taxable","42":"purchasable","43":"product-type-simple"},"_links":{"self":[{"href":"https:\/\/www.multimedium.eu\/index.php?rest_route=\/wp\/v2\/product\/92749","targetHints":{"allow":["GET"]}}],"collection":[{"href":"https:\/\/www.multimedium.eu\/index.php?rest_route=\/wp\/v2\/product"}],"about":[{"href":"https:\/\/www.multimedium.eu\/index.php?rest_route=\/wp\/v2\/types\/product"}],"version-history":[{"count":1,"href":"https:\/\/www.multimedium.eu\/index.php?rest_route=\/wp\/v2\/product\/92749\/revisions"}],"predecessor-version":[{"id":92750,"href":"https:\/\/www.multimedium.eu\/index.php?rest_route=\/wp\/v2\/product\/92749\/revisions\/92750"}],"wp:featuredmedia":[{"embeddable":true,"href":"https:\/\/www.multimedium.eu\/index.php?rest_route=\/wp\/v2\/media\/92620"}],"wp:attachment":[{"href":"https:\/\/www.multimedium.eu\/index.php?rest_route=%2Fwp%2Fv2%2Fmedia&parent=92749"}],"wp:term":[{"taxonomy":"product_brand","embeddable":true,"href":"https:\/\/www.multimedium.eu\/index.php?rest_route=%2Fwp%2Fv2%2Fproduct_brand&post=92749"},{"taxonomy":"product_cat","embeddable":true,"href":"https:\/\/www.multimedium.eu\/index.php?rest_route=%2Fwp%2Fv2%2Fproduct_cat&post=92749"},{"taxonomy":"product_tag","embeddable":true,"href":"https:\/\/www.multimedium.eu\/index.php?rest_route=%2Fwp%2Fv2%2Fproduct_tag&post=92749"}],"curies":[{"name":"wp","href":"https:\/\/api.w.org\/{rel}","templated":true}]}}