{"id":92853,"date":"2026-02-08T17:33:57","date_gmt":"2026-02-08T16:33:57","guid":{"rendered":"https:\/\/www.multimedium.eu\/?post_type=product&#038;p=92853"},"modified":"2026-02-08T17:34:17","modified_gmt":"2026-02-08T16:34:17","slug":"modenist-vintage-silber-designer-collier-gustav-hauber-halskette-silver-necklace-2","status":"publish","type":"product","link":"https:\/\/www.multimedium.eu\/?product=modenist-vintage-silber-designer-collier-gustav-hauber-halskette-silver-necklace-2","title":{"rendered":"Modenist Vintage Silber Designer Collier Gustav Hauber Halskette silver necklace"},"content":{"rendered":"<h6>Vintage Modernist Silver Designer Necklace by Gustav Hauber<\/h6>\n<p>Artfully decorative and aesthetically pleasing vintage modernist necklace,<br \/>\ndesigned by Gustav Hauber, Schw\u00e4bisch Gm\u00fcnd,<br \/>\nhandcrafted in 835 silver from the 1960s\/1970s,<br \/>\nindividual decorated elements in a continuous pattern,<br \/>\nartificially blackened, with a sliding clasp,<br \/>\nstamped: 835 and company hallmark<\/p>\n<p><strong>The bracelet and ring are not part of the offer;<\/strong><br \/>\n<strong>they have already been sold.<\/strong><\/p>\n<p>in good, beautiful condition<\/p>\n<p>Necklace length: approx. 40 cm<br \/>\nNecklace width: approx. 1.58 cm<\/p>\n","protected":false},"excerpt":{"rendered":"<h6>Modenist Vintage Silber Designer Collier Gustav Hauber Halskette silver necklace<\/h6>\n<p>Kunstvolles dekoratives und sch\u00f6nes \u00e4sthetisches Vintage Modernist Collier,<br \/>\nEntwurf von Gustav Hauber, Schw\u00e4bisch Gm\u00fcnd,<br \/>\nHandarbeit in 835er-Silber aus den 1960er \/1970er Jahren,<br \/>\neinzelne verzierte Elemente in fortlaufenden Muster,<br \/>\nk\u00fcnstlich geschw\u00e4rzt, mit Schiebverschlu\u00df,<br \/>\ngestempelt: 835 und Firmenpunze<\/p>\n<div class=\"description\"><strong>Das Armband und der Ring sind nicht Bestandteil des Angebots,<\/strong><\/div>\n<div class=\"description\"><strong>sie wurden bereits verkauft.<\/strong><\/div>\n<p>In einem guten sch\u00f6nen Erhaltungszustand<\/p>\n<p>L\u00e4nge des Colliers: ca. 40 cm<br \/>\nBreite des Colliers: ca. 1,58 cm<\/p>\n","protected":false},"featured_media":92850,"template":"","meta":{"site-sidebar-layout":"default","site-content-layout":"","ast-site-content-layout":"default","site-content-style":"default","site-sidebar-style":"default","ast-global-header-display":"","ast-banner-title-visibility":"","ast-main-header-display":"","ast-hfb-above-header-display":"","ast-hfb-below-header-display":"","ast-hfb-mobile-header-display":"","site-post-title":"","ast-breadcrumbs-content":"","ast-featured-img":"","footer-sml-layout":"","theme-transparent-header-meta":"default","adv-header-id-meta":"","stick-header-meta":"","header-above-stick-meta":"","header-main-stick-meta":"","header-below-stick-meta":"","astra-migrate-meta-layouts":"set","ast-page-background-enabled":"default","ast-page-background-meta":{"desktop":{"background-color":"","background-image":"","background-repeat":"repeat","background-position":"center center","background-size":"auto","background-attachment":"scroll","background-type":"","background-media":"","overlay-type":"","overlay-color":"","overlay-opacity":"","overlay-gradient":""},"tablet":{"background-color":"","background-image":"","background-repeat":"repeat","background-position":"center center","background-size":"auto","background-attachment":"scroll","background-type":"","background-media":"","overlay-type":"","overlay-color":"","overlay-opacity":"","overlay-gradient":""},"mobile":{"background-color":"","background-image":"","background-repeat":"repeat","background-position":"center center","background-size":"auto","background-attachment":"scroll","background-type":"","background-media":"","overlay-type":"","overlay-color":"","overlay-opacity":"","overlay-gradient":""}},"ast-content-background-meta":{"desktop":{"background-color":"var(--ast-global-color-5)","background-image":"","background-repeat":"repeat","background-position":"center center","background-size":"auto","background-attachment":"scroll","background-type":"","background-media":"","overlay-type":"","overlay-color":"","overlay-opacity":"","overlay-gradient":""},"tablet":{"background-color":"var(--ast-global-color-5)","background-image":"","background-repeat":"repeat","background-position":"center center","background-size":"auto","background-attachment":"scroll","background-type":"","background-media":"","overlay-type":"","overlay-color":"","overlay-opacity":"","overlay-gradient":""},"mobile":{"background-color":"var(--ast-global-color-5)","background-image":"","background-repeat":"repeat","background-position":"center center","background-size":"auto","background-attachment":"scroll","background-type":"","background-media":"","overlay-type":"","overlay-color":"","overlay-opacity":"","overlay-gradient":""}}},"product_brand":[],"product_cat":[5078,3561,3572,3582,5645,4322,4325],"product_tag":[3649,4945,3721,3650,3835,3652,4080,3641,3342,3993],"class_list":{"0":"post-92853","1":"product","2":"type-product","3":"status-publish","4":"has-post-thumbnail","6":"product_cat-metall-2","7":"product_cat-design-nach-1945","8":"product_cat-juwelen","9":"product_cat-ketten-colliers","10":"product_cat-ohne-steine","11":"product_cat-periode","12":"product_cat-silber","13":"product_tag-collier","14":"product_tag-designer","15":"product_tag-gustav-hauber","16":"product_tag-halskette","17":"product_tag-modernist","18":"product_tag-necklace","19":"product_tag-schwaebisch-gmuend","20":"product_tag-silber","21":"product_tag-silver","22":"product_tag-vintage","23":"desktop-align-left","24":"tablet-align-left","25":"mobile-align-left","27":"first","28":"instock","29":"shipping-taxable","30":"purchasable","31":"product-type-simple"},"_links":{"self":[{"href":"https:\/\/www.multimedium.eu\/index.php?rest_route=\/wp\/v2\/product\/92853","targetHints":{"allow":["GET"]}}],"collection":[{"href":"https:\/\/www.multimedium.eu\/index.php?rest_route=\/wp\/v2\/product"}],"about":[{"href":"https:\/\/www.multimedium.eu\/index.php?rest_route=\/wp\/v2\/types\/product"}],"version-history":[{"count":1,"href":"https:\/\/www.multimedium.eu\/index.php?rest_route=\/wp\/v2\/product\/92853\/revisions"}],"predecessor-version":[{"id":92854,"href":"https:\/\/www.multimedium.eu\/index.php?rest_route=\/wp\/v2\/product\/92853\/revisions\/92854"}],"wp:featuredmedia":[{"embeddable":true,"href":"https:\/\/www.multimedium.eu\/index.php?rest_route=\/wp\/v2\/media\/92850"}],"wp:attachment":[{"href":"https:\/\/www.multimedium.eu\/index.php?rest_route=%2Fwp%2Fv2%2Fmedia&parent=92853"}],"wp:term":[{"taxonomy":"product_brand","embeddable":true,"href":"https:\/\/www.multimedium.eu\/index.php?rest_route=%2Fwp%2Fv2%2Fproduct_brand&post=92853"},{"taxonomy":"product_cat","embeddable":true,"href":"https:\/\/www.multimedium.eu\/index.php?rest_route=%2Fwp%2Fv2%2Fproduct_cat&post=92853"},{"taxonomy":"product_tag","embeddable":true,"href":"https:\/\/www.multimedium.eu\/index.php?rest_route=%2Fwp%2Fv2%2Fproduct_tag&post=92853"}],"curies":[{"name":"wp","href":"https:\/\/api.w.org\/{rel}","templated":true}]}}