{"id":92864,"date":"2026-02-11T21:16:06","date_gmt":"2026-02-11T20:16:06","guid":{"rendered":"https:\/\/www.multimedium.eu\/?post_type=product&#038;p=92864"},"modified":"2026-02-11T21:16:25","modified_gmt":"2026-02-11T20:16:25","slug":"josef-wilm-d-j-art-deco-silber-set-collier-un-ohrringe-amethyst-max-rottmanner","status":"publish","type":"product","link":"https:\/\/www.multimedium.eu\/?product=josef-wilm-d-j-art-deco-silber-set-collier-un-ohrringe-amethyst-max-rottmanner","title":{"rendered":"Josef Wilm d.J. Art Deco Silber Set Collier un Ohrringe Amethyst Max Rottmanner"},"content":{"rendered":"<h6 class=\"x-item-title__mainTitle\"><\/h6>\n<h6>Magnificent Antique Designer Set from the Art Deco Period (circa 1920s)<\/h6>\n<p>For sale is a museum-quality jewelry ensemble of exceptional quality and art historical significance.<\/p>\n<p>This is a handcrafted silver set consisting of a necklace and matching earrings.<\/p>\n<p>The design is attributed to Josef Wilm the Younger, who worked as a goldsmith for the renowned workshop<br \/>\nof Max Rottmanner in Munich, among others.<\/p>\n<p>Design &amp; Material Details:<\/p>\n<p>Silver (tested for purity), the earring backs were originally gold-plated, but very little of the plating remains.<\/p>\n<p>Large, round amethyst cabochons with beautiful, naturally occurring inclusions.<\/p>\n<p>The stones are backed with foil, typical of the period, to maximize brilliance and color depth.<\/p>\n<p>The necklace consists of openwork, continuous segments in a modernist style. The settings are decorated underneath<br \/>\nwith delicate soldered cord.<\/p>\n<p>It was probably once gilded.<\/p>\n<p>Classic hook clasp.<\/p>\n<p>Hallmark: The set bears a rare heraldic hallmark with the initials &#8222;MR&#8220; and an animal depiction (lion\/bear),<br \/>\nattributed to Max Rottmanner, Munich.<\/p>\n<p>A comparable necklace by Josef Wilm the Younger is documented in the specialist literature.<\/p>\n<p>See literature: Christiane Weber, &#8222;Jewelry of the 1920s and 30s in Germany,&#8220; page 349, fig. 788.<\/p>\n<p>Total length of the necklace: approx. 43 cm<\/p>\n<p>Diameter of the amethyst settings: approx. 1.9 cm<\/p>\n<p>Dimensions of the Art Deco spacers: approx. 3.1 x 1.2 cm<\/p>\n<p>Height of the earrings: approx. 2.9 cm<\/p>\n<p>Width of the earrings: approx. 1.0 cm<\/p>\n<p>The set is in very good, collectible condition with an authentic age patina.<\/p>\n<p>One earring has a small dent on the back (not visible when worn).<\/p>\n<p>The amethysts are undamaged and securely set.<\/p>\n<p>A rare collector&#8217;s item for lovers of Munich Art Deco and the goldsmithing of Josef Wilm.<\/p>\n","protected":false},"excerpt":{"rendered":"<h6 class=\"x-item-title__mainTitle\">Josef Wilm d.J. Art Deco Silber Set Collier un Ohrringe Amethyst Max Rottmanner<\/h6>\n<h6>Prachtvolles Antikes Designer-Set aus der Zeit des Art Deco (ca. 1920er Jahre)<\/h6>\n<p>Zum Verkauf steht ein museales Schmuck-Ensemble von au\u00dfergew\u00f6hnlicher Qualit\u00e4t und kunsthistorischer Relevanz.<br \/>\nEs handelt sich um ein handgearbeitetes Set aus Silber, bestehend aus einem Collier und den passenden Ohrringen.<\/p>\n<p>Das Design wird Josef Wilm d.J. zugeschrieben, der unter anderem als Goldschmied f\u00fcr die renommierte Werkstatt<br \/>\nvon Max Rottmanner in M\u00fcnchen t\u00e4tig war.<br \/>\nDetails zum Design &amp; Material:<\/p>\n<p>Silber (auf Feingehalt gepr\u00fcft), die Brisuren der Ohrringe waren urspr\u00fcnglich vergoldet, Vergoldung kaum noch vorhanden.<\/p>\n<p>Gro\u00dfe, runde Amethyst-Cabochons mit wundersch\u00f6nen, naturbedingten Einschl\u00fcssen.<br \/>\nDie Steine sind zeittypisch mit Folie unterlegt, um Brillanz und Farbtiefe zu maximieren.<\/p>\n<p>Die Kette besteht aus durchbrochen gearbeiteten, fortlaufenden Segmenten in<br \/>\nmodernistischer Formsprache. Die Fassungen sind unterhalb mit filigraner Kordeldrahtbel\u00f6tung verziert.<br \/>\nWar vermutlich mal vergoldet.<\/p>\n<p>Klassischer Hakenverschluss.<\/p>\n<p>PUNZE: Das Set tr\u00e4gt eine seltene Wappenpunze mit den Initialen &#8222;MR&#8220; und einer Tierdarstellung (L\u00f6we\/B\u00e4r), die Max Rottmanner, M\u00fcnchen, zugeordnet wird.<\/p>\n<p>Ein vergleichbares Collier von Josef Wilm d.J. ist dokumentiert in der Fachliteratur:<\/p>\n<p>Vgl. Lit.: Christiane Weber, &#8222;Schmuck der 20er und 30er Jahre in Deutschland&#8220;, Seite 349, Abb. 788.<\/p>\n<p>Gesamtl\u00e4nge des Colliers: ca. 43 cm<\/p>\n<p>Durchmesser der Amethystfassungen: ca. 1,9 cm<\/p>\n<p>Ma\u00dfe der Art Deco Zwischenglieder: ca. 3,1 x 1,2 cm<\/p>\n<p>H\u00f6he der Ohrringe: ca. 2,9 cm<\/p>\n<p>Breite der Ohrringe: ca. 1,0 cm<\/p>\n<p>Das Set befindet sich in einem sehr guten, sammelw\u00fcrdigen Erhaltungszustand mit authentischer Alterspatina.<\/p>\n<p>Ein Ohrring weist auf der R\u00fcckseite eine kleine Delle auf (beim Tragen nicht sichtbar).<\/p>\n<p>Die Amethyste sind unbesch\u00e4digt und fest gefasst.<\/p>\n<p>Ein seltenes Sammlerst\u00fcck f\u00fcr Liebhaber des M\u00fcnchner Art Deco und der Goldschmiedekunst von Josef Wilm.<\/p>\n<p>&nbsp;<\/p>\n","protected":false},"featured_media":92860,"template":"","meta":{"site-sidebar-layout":"default","site-content-layout":"default","ast-site-content-layout":"default","site-content-style":"default","site-sidebar-style":"default","ast-global-header-display":"","ast-banner-title-visibility":"","ast-main-header-display":"","ast-hfb-above-header-display":"","ast-hfb-below-header-display":"","ast-hfb-mobile-header-display":"","site-post-title":"","ast-breadcrumbs-content":"","ast-featured-img":"","footer-sml-layout":"","theme-transparent-header-meta":"default","adv-header-id-meta":"","stick-header-meta":"","header-above-stick-meta":"","header-main-stick-meta":"","header-below-stick-meta":"","astra-migrate-meta-layouts":"set","ast-page-background-enabled":"default","ast-page-background-meta":{"desktop":{"background-color":"","background-image":"","background-repeat":"repeat","background-position":"center center","background-size":"auto","background-attachment":"scroll","background-type":"","background-media":"","overlay-type":"","overlay-color":"","overlay-opacity":"","overlay-gradient":""},"tablet":{"background-color":"","background-image":"","background-repeat":"repeat","background-position":"center center","background-size":"auto","background-attachment":"scroll","background-type":"","background-media":"","overlay-type":"","overlay-color":"","overlay-opacity":"","overlay-gradient":""},"mobile":{"background-color":"","background-image":"","background-repeat":"repeat","background-position":"center center","background-size":"auto","background-attachment":"scroll","background-type":"","background-media":"","overlay-type":"","overlay-color":"","overlay-opacity":"","overlay-gradient":""}},"ast-content-background-meta":{"desktop":{"background-color":"var(--ast-global-color-5)","background-image":"","background-repeat":"repeat","background-position":"center center","background-size":"auto","background-attachment":"scroll","background-type":"","background-media":"","overlay-type":"","overlay-color":"","overlay-opacity":"","overlay-gradient":""},"tablet":{"background-color":"var(--ast-global-color-5)","background-image":"","background-repeat":"repeat","background-position":"center center","background-size":"auto","background-attachment":"scroll","background-type":"","background-media":"","overlay-type":"","overlay-color":"","overlay-opacity":"","overlay-gradient":""},"mobile":{"background-color":"var(--ast-global-color-5)","background-image":"","background-repeat":"repeat","background-position":"center center","background-size":"auto","background-attachment":"scroll","background-type":"","background-media":"","overlay-type":"","overlay-color":"","overlay-opacity":"","overlay-gradient":""}}},"product_brand":[],"product_cat":[4761,3806,3572,3582,3584,4322,3599,4325,4321],"product_tag":[3651,3716,3649,3672,3650,4762,4763,3652,3671,3641,3342],"class_list":{"0":"post-92864","1":"product","2":"type-product","3":"status-publish","4":"has-post-thumbnail","6":"product_cat-amethyst","7":"product_cat-art-deco","8":"product_cat-juwelen","9":"product_cat-ketten-colliers","10":"product_cat-ohrringe","11":"product_cat-periode","12":"product_cat-signierter-schmuck","13":"product_cat-silber","14":"product_cat-steine","15":"product_tag-amethyst","16":"product_tag-art-deco","17":"product_tag-collier","18":"product_tag-earrings","19":"product_tag-halskette","20":"product_tag-josef-wilm","21":"product_tag-max-rottmanner","22":"product_tag-necklace","23":"product_tag-ohrringe","24":"product_tag-silber","25":"product_tag-silver","26":"desktop-align-left","27":"tablet-align-left","28":"mobile-align-left","30":"first","31":"instock","32":"sold-individually","33":"shipping-taxable","34":"purchasable","35":"product-type-simple"},"_links":{"self":[{"href":"https:\/\/www.multimedium.eu\/index.php?rest_route=\/wp\/v2\/product\/92864","targetHints":{"allow":["GET"]}}],"collection":[{"href":"https:\/\/www.multimedium.eu\/index.php?rest_route=\/wp\/v2\/product"}],"about":[{"href":"https:\/\/www.multimedium.eu\/index.php?rest_route=\/wp\/v2\/types\/product"}],"version-history":[{"count":1,"href":"https:\/\/www.multimedium.eu\/index.php?rest_route=\/wp\/v2\/product\/92864\/revisions"}],"predecessor-version":[{"id":92865,"href":"https:\/\/www.multimedium.eu\/index.php?rest_route=\/wp\/v2\/product\/92864\/revisions\/92865"}],"wp:featuredmedia":[{"embeddable":true,"href":"https:\/\/www.multimedium.eu\/index.php?rest_route=\/wp\/v2\/media\/92860"}],"wp:attachment":[{"href":"https:\/\/www.multimedium.eu\/index.php?rest_route=%2Fwp%2Fv2%2Fmedia&parent=92864"}],"wp:term":[{"taxonomy":"product_brand","embeddable":true,"href":"https:\/\/www.multimedium.eu\/index.php?rest_route=%2Fwp%2Fv2%2Fproduct_brand&post=92864"},{"taxonomy":"product_cat","embeddable":true,"href":"https:\/\/www.multimedium.eu\/index.php?rest_route=%2Fwp%2Fv2%2Fproduct_cat&post=92864"},{"taxonomy":"product_tag","embeddable":true,"href":"https:\/\/www.multimedium.eu\/index.php?rest_route=%2Fwp%2Fv2%2Fproduct_tag&post=92864"}],"curies":[{"name":"wp","href":"https:\/\/api.w.org\/{rel}","templated":true}]}}