{"id":92985,"date":"2026-04-08T15:11:45","date_gmt":"2026-04-08T13:11:45","guid":{"rendered":"https:\/\/www.multimedium.eu\/?post_type=product&#038;p=92985"},"modified":"2026-04-08T15:14:42","modified_gmt":"2026-04-08T13:14:42","slug":"antike-boehmische-granat-brosche-mond-stern-jugendstil-tombak-vergoldet-kopie","status":"publish","type":"product","link":"https:\/\/www.multimedium.eu\/?product=antike-boehmische-granat-brosche-mond-stern-jugendstil-tombak-vergoldet-kopie","title":{"rendered":"Antike B\u00f6hmische Granat Brosche Mond &#038; Stern Jugendstil Tombak vergoldet"},"content":{"rendered":"<h6>Antique Bohemian Garnet Brooch, Moon &amp; Star, Art Nouveau, Gilded Tombac<\/h6>\n<p><strong>Beautiful antique Art Nouveau brooch \u2013 Moon &amp; Star with Bohemian garnets<\/strong><\/p>\n<p>For sale is a charming brooch from the Art Nouveau period (circa 1900). This delicate piece<br \/>\nof jewelry is crafted in the shape of a crescent moon, at the center of which shines a bright<br \/>\neight-pointed star \u2013 a classic symbol of this era.<\/p>\n<p>The brooch is set with numerous deep red Bohemian garnets. These are cut in an antique<br \/>\nrose cut, giving them a fiery sparkle when light hits them.<\/p>\n<p>Made of high-quality tombac (a gold-copper alloy), typical for authentic garnet jewelry from<br \/>\nBohemia during this period. The reverse shows a beautiful patina, which emphasizes its age.<\/p>\n<p>Sturdy C-clasp pin fastening, fully functional.<\/p>\n<p>The crescent and star combination was an extremely popular motif in the late 19th and early<br \/>\n20th centuries and symbolizes femininity and leadership.<\/p>\n<p>Excellent antique condition. All stones are present and securely set in their prong settings.<br \/>\nNo damage is visible.<\/p>\n<p>(Please see the high-resolution macro photos as part of the description.)<\/p>\n<p>Dimensions:<br \/>\nWidth: approx. 3.26 cm<br \/>\nHeight: approx. 2.8 cm<\/p>\n","protected":false},"excerpt":{"rendered":"<h6>Antike B\u00f6hmische Granat Brosche Mond &amp; Stern Jugendstil Tombak vergoldet<\/h6>\n<p><strong>Wundersch\u00f6ne antike Jugendstil-Brosche \u2013 Mond<\/strong><strong>&amp; Stern mit<br \/>\nb\u00f6hmischen Granaten<\/strong><\/p>\n<p>Zum Verkauf steht eine bezaubernde Brosche aus der Zeit des Jugendstils<br \/>\n(um 1900). Dieses filigrane Schmuckst\u00fcck ist in Form einer Mondsichel<br \/>\ngefertigt, in deren Zentrum ein leuchtender achtzackiger Stern prangt \u2013<br \/>\nein klassisches Symbol dieser Epoche.<\/p>\n<p>Die Brosche ist fl\u00e4chendeckend mit zahlreichen, tiefroten b\u00f6hmischen<br \/>\nGranaten besetzt. Diese sind im antiken Rosenschliff geschliffen, was<br \/>\nihnen bei Lichteinfall ein feuriges Funkeln verleiht.<\/p>\n<p>Gefertigt aus hochwertigem Tombak (einer Gold-Kupfer-Legierung),<br \/>\nwie es f\u00fcr den authentischen Granatschmuck aus B\u00f6hmen dieser Zeit<br \/>\ntypisch war. Die R\u00fcckseite zeigt eine sch\u00f6ne Patina, die das Alter<br \/>\nunterstreicht.<\/p>\n<p>Stabile C-Schlie\u00dfer-Nadelmontur, voll funktionsf\u00e4hig.<\/p>\n<p>Die Kombination aus Mondsichel und Stern (&#8222;Crescent and Star&#8220;) war<br \/>\nim sp\u00e4ten 19. und fr\u00fchen 20. Jahrhundert ein \u00e4u\u00dferst beliebtes Motiv<br \/>\nund steht f\u00fcr Weiblichkeit und F\u00fchrung.<\/p>\n<p>Hervorragender antiker Zustand. Alle Steine sind vorhanden und sitzen<br \/>\nfest in ihren Krappenfassungen. Keine Besch\u00e4digungen erkennbar.<br \/>\n(Bitte betrachten Sie die hochaufl\u00f6senden Makro-Fotos als Teil der<br \/>\nBeschreibung).<\/p>\n<p>Ma\u00dfe:<br \/>\nBreite: ca. 3,26 cm<br \/>\nH\u00f6he: ca. 2,8 cm<\/p>\n","protected":false},"featured_media":92981,"template":"","meta":{"site-sidebar-layout":"default","site-content-layout":"","ast-site-content-layout":"default","site-content-style":"default","site-sidebar-style":"default","ast-global-header-display":"","ast-banner-title-visibility":"","ast-main-header-display":"","ast-hfb-above-header-display":"","ast-hfb-below-header-display":"","ast-hfb-mobile-header-display":"","site-post-title":"","ast-breadcrumbs-content":"","ast-featured-img":"","footer-sml-layout":"","theme-transparent-header-meta":"default","adv-header-id-meta":"","stick-header-meta":"","header-above-stick-meta":"","header-main-stick-meta":"","header-below-stick-meta":"","astra-migrate-meta-layouts":"set","ast-page-background-enabled":"default","ast-page-background-meta":{"desktop":{"background-color":"","background-image":"","background-repeat":"repeat","background-position":"center center","background-size":"auto","background-attachment":"scroll","background-type":"","background-media":"","overlay-type":"","overlay-color":"","overlay-opacity":"","overlay-gradient":""},"tablet":{"background-color":"","background-image":"","background-repeat":"repeat","background-position":"center center","background-size":"auto","background-attachment":"scroll","background-type":"","background-media":"","overlay-type":"","overlay-color":"","overlay-opacity":"","overlay-gradient":""},"mobile":{"background-color":"","background-image":"","background-repeat":"repeat","background-position":"center center","background-size":"auto","background-attachment":"scroll","background-type":"","background-media":"","overlay-type":"","overlay-color":"","overlay-opacity":"","overlay-gradient":""}},"ast-content-background-meta":{"desktop":{"background-color":"var(--ast-global-color-5)","background-image":"","background-repeat":"repeat","background-position":"center center","background-size":"auto","background-attachment":"scroll","background-type":"","background-media":"","overlay-type":"","overlay-color":"","overlay-opacity":"","overlay-gradient":""},"tablet":{"background-color":"var(--ast-global-color-5)","background-image":"","background-repeat":"repeat","background-position":"center center","background-size":"auto","background-attachment":"scroll","background-type":"","background-media":"","overlay-type":"","overlay-color":"","overlay-opacity":"","overlay-gradient":""},"mobile":{"background-color":"var(--ast-global-color-5)","background-image":"","background-repeat":"repeat","background-position":"center center","background-size":"auto","background-attachment":"scroll","background-type":"","background-media":"","overlay-type":"","overlay-color":"","overlay-opacity":"","overlay-gradient":""}}},"product_brand":[],"product_cat":[5100,3580,3573,3559],"product_tag":[],"class_list":{"0":"post-92985","1":"product","2":"type-product","3":"status-publish","4":"has-post-thumbnail","6":"product_cat-tombak","7":"product_cat-broschen","8":"product_cat-granat","9":"product_cat-jugendstil","10":"desktop-align-left","11":"tablet-align-left","12":"mobile-align-left","14":"first","15":"instock","16":"sold-individually","17":"shipping-taxable","18":"purchasable","19":"product-type-simple"},"_links":{"self":[{"href":"https:\/\/www.multimedium.eu\/index.php?rest_route=\/wp\/v2\/product\/92985","targetHints":{"allow":["GET"]}}],"collection":[{"href":"https:\/\/www.multimedium.eu\/index.php?rest_route=\/wp\/v2\/product"}],"about":[{"href":"https:\/\/www.multimedium.eu\/index.php?rest_route=\/wp\/v2\/types\/product"}],"version-history":[{"count":2,"href":"https:\/\/www.multimedium.eu\/index.php?rest_route=\/wp\/v2\/product\/92985\/revisions"}],"predecessor-version":[{"id":92987,"href":"https:\/\/www.multimedium.eu\/index.php?rest_route=\/wp\/v2\/product\/92985\/revisions\/92987"}],"wp:featuredmedia":[{"embeddable":true,"href":"https:\/\/www.multimedium.eu\/index.php?rest_route=\/wp\/v2\/media\/92981"}],"wp:attachment":[{"href":"https:\/\/www.multimedium.eu\/index.php?rest_route=%2Fwp%2Fv2%2Fmedia&parent=92985"}],"wp:term":[{"taxonomy":"product_brand","embeddable":true,"href":"https:\/\/www.multimedium.eu\/index.php?rest_route=%2Fwp%2Fv2%2Fproduct_brand&post=92985"},{"taxonomy":"product_cat","embeddable":true,"href":"https:\/\/www.multimedium.eu\/index.php?rest_route=%2Fwp%2Fv2%2Fproduct_cat&post=92985"},{"taxonomy":"product_tag","embeddable":true,"href":"https:\/\/www.multimedium.eu\/index.php?rest_route=%2Fwp%2Fv2%2Fproduct_tag&post=92985"}],"curies":[{"name":"wp","href":"https:\/\/api.w.org\/{rel}","templated":true}]}}