{"id":93023,"date":"2026-04-16T13:33:58","date_gmt":"2026-04-16T11:33:58","guid":{"rendered":"https:\/\/www.multimedium.eu\/?post_type=product&#038;p=93023"},"modified":"2026-04-16T13:33:59","modified_gmt":"2026-04-16T11:33:59","slug":"antike-viktorianische-granat-brosche-um-1870-gold-diamant-rose-gedenkschmuck","status":"publish","type":"product","link":"https:\/\/www.multimedium.eu\/?product=antike-viktorianische-granat-brosche-um-1870-gold-diamant-rose-gedenkschmuck","title":{"rendered":"Antike Viktorianische Granat Brosche um 1870 Gold &#038; Diamant Rose Gedenkschmuck"},"content":{"rendered":"<h6>Antique Victorian Garnet Brooch, Circa 1870, Gold &amp; Diamond, Rose Cut Memorial Jewelry<\/h6>\n<p><strong>A beautiful antique brooch from the High Victorian period (circa 1870).<\/strong><\/p>\n<p>This exceptional piece of jewelry features three magnificent, deep red<br \/>\ngarnet cabochons (carbuncles) set with a delicate fly.<\/p>\n<p>The fly&#8217;s wings and the movable drops are adorned with antique rose-cut diamonds.<\/p>\n<p>A classic insect motif of the era, combined with a movable<br \/>\npendello pendant that catches the light with every movement.<\/p>\n<p>On the back is a glazed compartment with a fabric inlay \u2013 a<br \/>\nso-called &#8222;medallion&#8220; for memorial jewelry (often used for locks of hair).<\/p>\n<p>The brooch closes with its original long pin and typical C-shaped clasp (which, due to its design, extends beyond the edge).<\/p>\n<p>&nbsp;<\/p>\n<p>&nbsp;<\/p>\n<p>&nbsp;<\/p>\n<p>&nbsp;<\/p>\n<p>&nbsp;<\/p>\n<p>&#8222;` The brooch is in beautiful, authentic original condition.<\/p>\n<p>Please note:<\/p>\n<p>The surfaces of the garnets show slight, age-related wear (fine scratches\/flea bites) which are visible under magnification but do not detract from the brilliance of the stone.<\/p>\n<p>The metal surface displays a charming, dark patina that emphasizes its age.<\/p>\n<p>The glass of the back compartment is intact.<\/p>\n<p>Dimensions:<\/p>\n<p>Width: approx. 2.4 cm<\/p>\n<p>Overall height: approx. 3.7 cm<\/p>\n<p>Depth: approx. 1 cm<\/p>\n<p>Weight: approx. 8.69 g<\/p>\n<p>A rare collector&#8217;s item for lovers of antique jewelry<\/p>\n<p>or as a special gift with a story.<\/p>\n","protected":false},"excerpt":{"rendered":"<h6>Antike Viktorianische Granat Brosche um 1870 Gold &amp; Diamant Rose Gedenkschmuck<\/h6>\n<h6 data-path-to-node=\"9\"><\/h6>\n<p data-path-to-node=\"9\"><b data-path-to-node=\"9\" data-index-in-node=\"0\">Wundersch\u00f6ne antike Brosche aus der Zeit der Hoch-Viktorianik (ca. 1870).<\/b><\/p>\n<p data-path-to-node=\"10\">Dieses au\u00dfergew\u00f6hnliche Schmuckst\u00fcck besticht durch drei prachtvolle, tiefrote<br \/>\nGranat-Cabochan-Steine (Karbunkel), die von einer filigranen Fliege besetzt sind.<br \/>\nDie Fl\u00fcgel der Fliege sowie die beweglichen Abh\u00e4nger (Drops) sind mit antiken<br \/>\nDiamanten im Rosenschliff verziert.<\/p>\n<p data-path-to-node=\"12,0,0\">Ein klassisches Insekten-Motiv der \u00c4ra, kombiniert mit einem beweglichen<br \/>\nPendeloque-Anh\u00e4nger, der bei jeder Bewegung das Licht einf\u00e4ngt.<\/p>\n<p data-path-to-node=\"12,1,0\">Auf der R\u00fcckseite befindet sich ein verglastes Fach mit Gewebeeinlage \u2013 ein<br \/>\nsogenanntes \u201eMedaillon\u201c f\u00fcr Gedenkschmuck (oft genutzt f\u00fcr Haarlocken).<\/p>\n<p data-path-to-node=\"12,2,0\">Verschlu\u00df mit Originaler, langer Nadel mit typischer C-Schlie\u00dfe (ragt<br \/>\nbauartbedingt \u00fcber den Rand hinaus).<\/p>\n<p data-path-to-node=\"13\">Die Brosche befindet sich in einem sch\u00f6nen, authentischen Originalzustand.<\/p>\n<p>Bitte beachten Sie:<\/p>\n<p data-path-to-node=\"14,0,0\">Die Oberfl\u00e4chen der Granate weisen <b data-path-to-node=\"14,0,0\" data-index-in-node=\"35\">leichte, alterstypische Gebrauchsspuren<\/b><br \/>\n(feine Kratzer\/Flohbisse) auf, die unter der Lupe sichtbar sind, dem Glanz des<br \/>\nSteins aber keinen Abbruch tun.<\/p>\n<p data-path-to-node=\"14,1,0\">Die Metalloberfl\u00e4che zeigt eine charmante, dunkle Patina, die das Alter unterstreicht.<\/p>\n<p data-path-to-node=\"14,2,0\">Das Glas des r\u00fcckseitigen Fachs ist intakt.<\/p>\n<p data-path-to-node=\"15\">Ma\u00dfe:<br \/>\nBreite: ca. 2,4 cm<br \/>\nGesamt-H\u00f6he: ca. 3,7 cm<br \/>\nTiefe: ca. 1 cm<br \/>\nGewicht:\u00a0ca. 8,69<\/p>\n<p data-path-to-node=\"16\"><i data-path-to-node=\"16\" data-index-in-node=\"0\">Ein seltenes Sammlerst\u00fcck f\u00fcr Liebhaber historischer Juwelen<br \/>\noder als besonderes Geschenk mit Geschichte.<\/i><\/p>\n","protected":false},"featured_media":93025,"template":"","meta":{"site-sidebar-layout":"default","site-content-layout":"","ast-site-content-layout":"default","site-content-style":"default","site-sidebar-style":"default","ast-global-header-display":"","ast-banner-title-visibility":"","ast-main-header-display":"","ast-hfb-above-header-display":"","ast-hfb-below-header-display":"","ast-hfb-mobile-header-display":"","site-post-title":"","ast-breadcrumbs-content":"","ast-featured-img":"","footer-sml-layout":"","theme-transparent-header-meta":"default","adv-header-id-meta":"","stick-header-meta":"","header-above-stick-meta":"","header-main-stick-meta":"","header-below-stick-meta":"","astra-migrate-meta-layouts":"set","ast-page-background-enabled":"default","ast-page-background-meta":{"desktop":{"background-color":"","background-image":"","background-repeat":"repeat","background-position":"center center","background-size":"auto","background-attachment":"scroll","background-type":"","background-media":"","overlay-type":"","overlay-color":"","overlay-opacity":"","overlay-gradient":""},"tablet":{"background-color":"","background-image":"","background-repeat":"repeat","background-position":"center center","background-size":"auto","background-attachment":"scroll","background-type":"","background-media":"","overlay-type":"","overlay-color":"","overlay-opacity":"","overlay-gradient":""},"mobile":{"background-color":"","background-image":"","background-repeat":"repeat","background-position":"center center","background-size":"auto","background-attachment":"scroll","background-type":"","background-media":"","overlay-type":"","overlay-color":"","overlay-opacity":"","overlay-gradient":""}},"ast-content-background-meta":{"desktop":{"background-color":"var(--ast-global-color-5)","background-image":"","background-repeat":"repeat","background-position":"center center","background-size":"auto","background-attachment":"scroll","background-type":"","background-media":"","overlay-type":"","overlay-color":"","overlay-opacity":"","overlay-gradient":""},"tablet":{"background-color":"var(--ast-global-color-5)","background-image":"","background-repeat":"repeat","background-position":"center center","background-size":"auto","background-attachment":"scroll","background-type":"","background-media":"","overlay-type":"","overlay-color":"","overlay-opacity":"","overlay-gradient":""},"mobile":{"background-color":"var(--ast-global-color-5)","background-image":"","background-repeat":"repeat","background-position":"center center","background-size":"auto","background-attachment":"scroll","background-type":"","background-media":"","overlay-type":"","overlay-color":"","overlay-opacity":"","overlay-gradient":""}}},"product_brand":[],"product_cat":[3564,3580,3575,3573,4755,5776],"product_tag":[],"class_list":{"0":"post-93023","1":"product","2":"type-product","3":"status-publish","4":"has-post-thumbnail","6":"product_cat-gold","7":"product_cat-broschen","8":"product_cat-diamant","9":"product_cat-granat","10":"product_cat-rubin","11":"product_cat-victorian","12":"desktop-align-left","13":"tablet-align-left","14":"mobile-align-left","16":"first","17":"instock","18":"shipping-taxable","19":"purchasable","20":"product-type-simple"},"_links":{"self":[{"href":"https:\/\/www.multimedium.eu\/index.php?rest_route=\/wp\/v2\/product\/93023","targetHints":{"allow":["GET"]}}],"collection":[{"href":"https:\/\/www.multimedium.eu\/index.php?rest_route=\/wp\/v2\/product"}],"about":[{"href":"https:\/\/www.multimedium.eu\/index.php?rest_route=\/wp\/v2\/types\/product"}],"version-history":[{"count":1,"href":"https:\/\/www.multimedium.eu\/index.php?rest_route=\/wp\/v2\/product\/93023\/revisions"}],"predecessor-version":[{"id":93027,"href":"https:\/\/www.multimedium.eu\/index.php?rest_route=\/wp\/v2\/product\/93023\/revisions\/93027"}],"wp:featuredmedia":[{"embeddable":true,"href":"https:\/\/www.multimedium.eu\/index.php?rest_route=\/wp\/v2\/media\/93025"}],"wp:attachment":[{"href":"https:\/\/www.multimedium.eu\/index.php?rest_route=%2Fwp%2Fv2%2Fmedia&parent=93023"}],"wp:term":[{"taxonomy":"product_brand","embeddable":true,"href":"https:\/\/www.multimedium.eu\/index.php?rest_route=%2Fwp%2Fv2%2Fproduct_brand&post=93023"},{"taxonomy":"product_cat","embeddable":true,"href":"https:\/\/www.multimedium.eu\/index.php?rest_route=%2Fwp%2Fv2%2Fproduct_cat&post=93023"},{"taxonomy":"product_tag","embeddable":true,"href":"https:\/\/www.multimedium.eu\/index.php?rest_route=%2Fwp%2Fv2%2Fproduct_tag&post=93023"}],"curies":[{"name":"wp","href":"https:\/\/api.w.org\/{rel}","templated":true}]}}